{"id":2679,"date":"2024-11-07T15:49:59","date_gmt":"2024-11-07T15:49:59","guid":{"rendered":"https:\/\/ladanyi-kivitelezes.hu\/projects\/sanofi-project\/"},"modified":"2025-03-31T10:36:51","modified_gmt":"2025-03-31T10:36:51","slug":"sanofi-project","status":"publish","type":"page","link":"https:\/\/ladanyi-kivitelezes.hu\/en\/projects\/sanofi-project\/","title":{"rendered":"Sanofi project"},"content":{"rendered":"<div class=\"wpb-content-wrapper\"><p>[vc_row disable_element=&#8221;yes&#8221; css=&#8221;.vc_custom_1734030779673{padding-top: 30px !important;}&#8221; _et_uniqid=&#8221;et_custom_uniqid_new_675b35b65db44&#8243;][vc_column][vc_column_text css=&#8221;&#8221; el_class=&#8221;project-back&#8221;]<a href=\"https:\/\/ladanyi-kivitelezes.hu\/en\/projects\/\"><strong><span style=\"color: #00245f; text-decoration: none; font-size: 30px;\">Projects<\/span><\/strong><\/a>[\/vc_column_text][\/vc_column][\/vc_row][vc_row css=&#8221;.vc_custom_1734030481536{padding-top: 30px !important;}&#8221; _et_uniqid=&#8221;et_custom_uniqid_new_675b348e37409&#8243;][vc_column][vc_btn title=&#8221;Projects&#8221; style=&#8221;gradient-custom&#8221; gradient_custom_color_1=&#8221;#00000000&#8243; gradient_custom_color_2=&#8221;#00000000&#8243; gradient_text_color=&#8221;#00245F&#8221; i_icon_fontawesome=&#8221;fas fa-chevron-left&#8221; css=&#8221;&#8221; add_icon=&#8221;true&#8221; link=&#8221;url:https%3A%2F%2Fladanyi-kivitelezes.hu%2Fen%2Fprojects%2F|title:Projects&#8221; el_class=&#8221;project-back-button enlarge-element&#8221;][\/vc_column][\/vc_row][vc_row el_class=&#8221;project-details&#8221; _et_uniqid=&#8221;et_custom_uniqid_new_675999db35140&#8243;][vc_column][vc_column_text css=&#8221;.vc_custom_1730974992288{padding-bottom: 10px !important;}&#8221;]<\/p>\n<h2><strong>Tank park construction works<\/strong><\/h2>\n<p>[\/vc_column_text]        <link rel=\"stylesheet\" href=\"https:\/\/ladanyi-kivitelezes.hu\/wp-content\/themes\/xstore\/css\/modules\/builders\/icon-boxes.min.css?ver=9.4.3\" type=\"text\/css\" media=\"all\" \/> \t\t\r\n\t\t<div\r\n                class=\"ibox-block  box-1819 icon-left align-left vc_custom_1730971006561 table\"\r\n                        >\r\n\t\t\t\t\t\t\t<div class=\"ibox-symbol\">\r\n\t\t\t\t\t<i class=\"fas fa-map-marker-alt\"><\/i>\t\t\t\t<\/div>\r\n\t\t\t\r\n\t\t\t<div class=\"ibox-content\">\r\n\t\t\t\t\r\n\t\t\t\t\t\t\t\t\t<div class=\"ibox-text\">\r\n\t\t\t\t\t\t<span style=\"font-weight: 400;\"><strong>Project location:<\/strong> Budapest District 10 Dreher Antal street 1-3.<\/span>\t\t\t\t\t<\/div>\r\n\t\t\t\t\r\n\t\t\t\t\t\t\t<\/div>\r\n\r\n\t\t\t\r\n\t\t<\/div>\r\n\r\n\t\t        <link rel=\"stylesheet\" href=\"https:\/\/ladanyi-kivitelezes.hu\/wp-content\/themes\/xstore\/css\/modules\/builders\/icon-boxes.min.css?ver=9.4.3\" type=\"text\/css\" media=\"all\" \/> \t\t\r\n\t\t<div\r\n                class=\"ibox-block  box-9129 icon-left align-left vc_custom_1730975099037 table\"\r\n                        >\r\n\t\t\t\t\t\t\t<div class=\"ibox-symbol\">\r\n\t\t\t\t\t<i class=\"fas fa-clock\"><\/i>\t\t\t\t<\/div>\r\n\t\t\t\r\n\t\t\t<div class=\"ibox-content\">\r\n\t\t\t\t\r\n\t\t\t\t\t\t\t\t\t<div class=\"ibox-text\">\r\n\t\t\t\t\t\t<span style=\"font-weight: 400;\"><strong>Time of construction:<\/strong> 2012<\/span>\t\t\t\t\t<\/div>\r\n\t\t\t\t\r\n\t\t\t\t\t\t\t<\/div>\r\n\r\n\t\t\t\r\n\t\t<\/div>\r\n\r\n\t\t        <link rel=\"stylesheet\" href=\"https:\/\/ladanyi-kivitelezes.hu\/wp-content\/themes\/xstore\/css\/modules\/builders\/icon-boxes.min.css?ver=9.4.3\" type=\"text\/css\" media=\"all\" \/> \t\t\r\n\t\t<div\r\n                class=\"ibox-block  box-7955 icon-left align-left vc_custom_1730975121249 table\"\r\n                        >\r\n\t\t\t\t\t\t\t<div class=\"ibox-symbol\">\r\n\t\t\t\t\t<i class=\"fas fa-arrows-alt-h\"><\/i>\t\t\t\t<\/div>\r\n\t\t\t\r\n\t\t\t<div class=\"ibox-content\">\r\n\t\t\t\t\r\n\t\t\t\t\t\t\t\t\t<div class=\"ibox-text\">\r\n\t\t\t\t\t\t<span style=\"font-weight: 400;\"><strong>Size: <\/strong>350 m2<\/span>\t\t\t\t\t<\/div>\r\n\t\t\t\t\r\n\t\t\t\t\t\t\t<\/div>\r\n\r\n\t\t\t\r\n\t\t<\/div>\r\n\r\n\t\t        <link rel=\"stylesheet\" href=\"https:\/\/ladanyi-kivitelezes.hu\/wp-content\/themes\/xstore\/css\/modules\/builders\/icon-boxes.min.css?ver=9.4.3\" type=\"text\/css\" media=\"all\" \/> \t\t\r\n\t\t<div\r\n                class=\"ibox-block  box-3922 icon-left align-left vc_custom_1730971023121 table\"\r\n                        >\r\n\t\t\t\t\t\t\t<div class=\"ibox-symbol\">\r\n\t\t\t\t\t<i class=\"fas fa-wrench\"><\/i>\t\t\t\t<\/div>\r\n\t\t\t\r\n\t\t\t<div class=\"ibox-content\">\r\n\t\t\t\t\r\n\t\t\t\t\t\t\t\t\t<div class=\"ibox-text\">\r\n\t\t\t\t\t\t<span style=\"font-weight: 400;\"><strong>Service provided:<\/strong> general contracting<\/span>\t\t\t\t\t<\/div>\r\n\t\t\t\t\r\n\t\t\t\t\t\t\t<\/div>\r\n\r\n\t\t\t\r\n\t\t<\/div>\r\n\r\n\t\t        <link rel=\"stylesheet\" href=\"https:\/\/ladanyi-kivitelezes.hu\/wp-content\/themes\/xstore\/css\/modules\/builders\/icon-boxes.min.css?ver=9.4.3\" type=\"text\/css\" media=\"all\" \/> \t\t\r\n\t\t<div\r\n                class=\"ibox-block  box-3875 icon-left align-left vc_custom_1730971026900 table\"\r\n                        >\r\n\t\t\t\t\t\t\t<div class=\"ibox-symbol\">\r\n\t\t\t\t\t<i class=\"fas fa-camera\"><\/i>\t\t\t\t<\/div>\r\n\t\t\t\r\n\t\t\t<div class=\"ibox-content\">\r\n\t\t\t\t\r\n\t\t\t\t\t\t\t\t\t<div class=\"ibox-text\">\r\n\t\t\t\t\t\t<span style=\"font-weight: 400;\"><strong>Photos by<\/strong> Lad\u00e1nyi &amp; Co. Ltd<\/span>\t\t\t\t\t<\/div>\r\n\t\t\t\t\r\n\t\t\t\t\t\t\t<\/div>\r\n\r\n\t\t\t\r\n\t\t<\/div>\r\n\r\n\t\t[\/vc_column][\/vc_row][vc_row el_class=&#8221;rounded-image object-fit&#8221; _et_uniqid=&#8221;et_custom_uniqid_new_675ffc656f4a8&#8243;][vc_column][vc_row_inner][vc_column_inner][vc_single_image image=&#8221;507&#8243; img_size=&#8221;full&#8221; alignment=&#8221;center&#8221; css=&#8221;&#8221;][\/vc_column_inner][\/vc_row_inner][vc_row_inner el_class=&#8221;row-two-by-two&#8221; _et_uniqid=&#8221;et_custom_uniqid_new_674494018ae15&#8243;][vc_column_inner el_class=&#8221;column-two-by-two&#8221; width=&#8221;1\/2&#8243; _et_uniqid=&#8221;et_custom_uniqid_new_67449394d872d&#8221;][vc_single_image image=&#8221;502&#8243; img_size=&#8221;full&#8221; alignment=&#8221;center&#8221; css=&#8221;&#8221;][\/vc_column_inner][vc_column_inner el_class=&#8221;column-two-by-two&#8221; width=&#8221;1\/2&#8243; _et_uniqid=&#8221;et_custom_uniqid_new_6744938fa0977&#8243;][vc_single_image image=&#8221;501&#8243; img_size=&#8221;full&#8221; alignment=&#8221;center&#8221; css=&#8221;&#8221;][\/vc_column_inner][\/vc_row_inner][vc_row_inner][vc_column_inner][vc_single_image image=&#8221;506&#8243; img_size=&#8221;full&#8221; alignment=&#8221;center&#8221; css=&#8221;&#8221;][\/vc_column_inner][\/vc_row_inner][vc_row_inner el_class=&#8221;row-two-by-two&#8221; _et_uniqid=&#8221;et_custom_uniqid_new_6744939838ef4&#8243;][vc_column_inner el_class=&#8221;column-two-by-two&#8221; width=&#8221;2\/3&#8243; _et_uniqid=&#8221;et_custom_uniqid_new_674493a7d55ca&#8221;][vc_single_image image=&#8221;503&#8243; img_size=&#8221;full&#8221; alignment=&#8221;center&#8221; css=&#8221;&#8221;][\/vc_column_inner][vc_column_inner el_class=&#8221;column-two-by-two&#8221; width=&#8221;1\/3&#8243; _et_uniqid=&#8221;et_custom_uniqid_new_674493a0561b0&#8243;][vc_single_image image=&#8221;505&#8243; img_size=&#8221;full&#8221; alignment=&#8221;center&#8221; css=&#8221;&#8221;][\/vc_column_inner][\/vc_row_inner][vc_row_inner][vc_column_inner][vc_single_image image=&#8221;504&#8243; img_size=&#8221;full&#8221; alignment=&#8221;center&#8221; css=&#8221;&#8221;][\/vc_column_inner][\/vc_row_inner][\/vc_column][\/vc_row]<\/p>\n<\/div>","protected":false},"excerpt":{"rendered":"<p>[vc_row disable_element=&#8221;yes&#8221; css=&#8221;.vc_custom_1734030779673{padding-top: 30px !important;}&#8221; _et_uniqid=&#8221;et_custom_uniqid_new_675b35b65db44&#8243;][vc_column][vc_column_text css=&#8221;&#8221; el_class=&#8221;project-back&#8221;]Projects[\/vc_column_text][\/vc_column][\/vc_row][vc_row css=&#8221;.vc_custom_1734030481536{padding-top: 30px !important;}&#8221; _et_uniqid=&#8221;et_custom_uniqid_new_675b348e37409&#8243;][vc_column][vc_btn title=&#8221;Projects&#8221; style=&#8221;gradient-custom&#8221; gradient_custom_color_1=&#8221;#00000000&#8243; gradient_custom_color_2=&#8221;#00000000&#8243; gradient_text_color=&#8221;#00245F&#8221; i_icon_fontawesome=&#8221;fas fa-chevron-left&#8221; css=&#8221;&#8221; add_icon=&#8221;true&#8221; link=&#8221;url:https%3A%2F%2Fladanyi-kivitelezes.hu%2Fen%2Fprojects%2F|title:Projects&#8221; el_class=&#8221;project-back-button enlarge-element&#8221;][\/vc_column][\/vc_row][vc_row el_class=&#8221;project-details&#8221;&#8230;<\/p>\n","protected":false},"author":3,"featured_media":2635,"parent":2640,"menu_order":0,"comment_status":"closed","ping_status":"closed","template":"","meta":{"footnotes":""},"class_list":["post-2679","page","type-page","status-publish","has-post-thumbnail","hentry"],"yoast_head":"<!-- This site is optimized with the Yoast SEO plugin v24.1 - https:\/\/yoast.com\/wordpress\/plugins\/seo\/ -->\n<title>Sanofi project - Ladanyi 95 Kft.<\/title>\n<meta name=\"robots\" content=\"index, follow, max-snippet:-1, max-image-preview:large, max-video-preview:-1\" \/>\n<link rel=\"canonical\" href=\"https:\/\/ladanyi-kivitelezes.hu\/en\/projects\/sanofi-project\/\" \/>\n<meta property=\"og:locale\" content=\"en_US\" \/>\n<meta property=\"og:type\" content=\"article\" \/>\n<meta property=\"og:title\" content=\"Sanofi projects - Lad\u00e1nyi &amp; Co. Ltd.\" \/>\n<meta property=\"og:description\" content=\"[vc_row disable_element=&#8221;yes&#8221; css=&#8221;.vc_custom_1734030779673{padding-top: 30px !important;}&#8221; _et_uniqid=&#8221;et_custom_uniqid_new_675b35b65db44&#8243;][vc_column][vc_column_text css=&#8221;&#8221; el_class=&#8221;project-back&#8221;]Projects[\/vc_column_text][\/vc_column][\/vc_row][vc_row css=&#8221;.vc_custom_1734030481536{padding-top: 30px !important;}&#8221; _et_uniqid=&#8221;et_custom_uniqid_new_675b348e37409&#8243;][vc_column][vc_btn title=&#8221;Projects&#8221; style=&#8221;gradient-custom&#8221; gradient_custom_color_1=&#8221;#00000000&#8243; gradient_custom_color_2=&#8221;#00000000&#8243; gradient_text_color=&#8221;#00245F&#8221; i_icon_fontawesome=&#8221;fas fa-chevron-left&#8221; css=&#8221;&#8221; add_icon=&#8221;true&#8221; link=&#8221;url:https%3A%2F%2Fladanyi-kivitelezes.hu%2Fen%2Fprojects%2F|title:Projects&#8221; el_class=&#8221;project-back-button enlarge-element&#8221;][\/vc_column][\/vc_row][vc_row el_class=&#8221;project-details&#8221;...\" \/>\n<meta property=\"og:url\" content=\"https:\/\/ladanyi-kivitelezes.hu\/en\/projects\/sanofi-project\/\" \/>\n<meta property=\"og:site_name\" content=\"Ladanyi 95 Kft.\" \/>\n<meta property=\"article:modified_time\" content=\"2025-03-31T10:36:51+00:00\" \/>\n<meta property=\"og:image\" content=\"http:\/\/ladanyi-kivitelezes.hu\/wp-content\/uploads\/2024\/12\/ladanyi-kep-1024x682.jpg\" \/>\n<meta name=\"twitter:card\" content=\"summary_large_image\" \/>\n<meta name=\"twitter:label1\" content=\"Est. reading time\" \/>\n\t<meta name=\"twitter:data1\" content=\"3 minutes\" \/>\n<script type=\"application\/ld+json\" class=\"yoast-schema-graph\">{\"@context\":\"https:\/\/schema.org\",\"@graph\":[{\"@type\":\"WebPage\",\"@id\":\"https:\/\/ladanyi-kivitelezes.hu\/en\/projects\/sanofi-project\/\",\"url\":\"https:\/\/ladanyi-kivitelezes.hu\/en\/projects\/sanofi-project\/\",\"name\":\"Sanofi project - Ladanyi 95 Kft.\",\"isPartOf\":{\"@id\":\"https:\/\/ladanyi-kivitelezes.hu\/en\/#website\"},\"primaryImageOfPage\":{\"@id\":\"https:\/\/ladanyi-kivitelezes.hu\/en\/projects\/sanofi-project\/#primaryimage\"},\"image\":{\"@id\":\"https:\/\/ladanyi-kivitelezes.hu\/en\/projects\/sanofi-project\/#primaryimage\"},\"thumbnailUrl\":\"https:\/\/ladanyi-kivitelezes.hu\/wp-content\/uploads\/2024\/12\/ladanyi-kep.jpg\",\"datePublished\":\"2024-11-07T15:49:59+00:00\",\"dateModified\":\"2025-03-31T10:36:51+00:00\",\"breadcrumb\":{\"@id\":\"https:\/\/ladanyi-kivitelezes.hu\/en\/projects\/sanofi-project\/#breadcrumb\"},\"inLanguage\":\"en-US\",\"potentialAction\":[{\"@type\":\"ReadAction\",\"target\":[\"https:\/\/ladanyi-kivitelezes.hu\/en\/projects\/sanofi-project\/\"]}]},{\"@type\":\"ImageObject\",\"inLanguage\":\"en-US\",\"@id\":\"https:\/\/ladanyi-kivitelezes.hu\/en\/projects\/sanofi-project\/#primaryimage\",\"url\":\"https:\/\/ladanyi-kivitelezes.hu\/wp-content\/uploads\/2024\/12\/ladanyi-kep.jpg\",\"contentUrl\":\"https:\/\/ladanyi-kivitelezes.hu\/wp-content\/uploads\/2024\/12\/ladanyi-kep.jpg\",\"width\":2500,\"height\":1666},{\"@type\":\"BreadcrumbList\",\"@id\":\"https:\/\/ladanyi-kivitelezes.hu\/en\/projects\/sanofi-project\/#breadcrumb\",\"itemListElement\":[{\"@type\":\"ListItem\",\"position\":1,\"name\":\"Home\",\"item\":\"https:\/\/ladanyi-kivitelezes.hu\/en\/\"},{\"@type\":\"ListItem\",\"position\":2,\"name\":\"Projects\",\"item\":\"https:\/\/ladanyi-kivitelezes.hu\/en\/projects\/\"},{\"@type\":\"ListItem\",\"position\":3,\"name\":\"Sanofi project\"}]},{\"@type\":\"WebSite\",\"@id\":\"https:\/\/ladanyi-kivitelezes.hu\/en\/#website\",\"url\":\"https:\/\/ladanyi-kivitelezes.hu\/en\/\",\"name\":\"Ladanyi 95 Kft.\",\"description\":\"\u00c9p\u00edt\u0151ipari projektek tervez\u00e9se \u00e9s kivitelez\u00e9se\",\"potentialAction\":[{\"@type\":\"SearchAction\",\"target\":{\"@type\":\"EntryPoint\",\"urlTemplate\":\"https:\/\/ladanyi-kivitelezes.hu\/en\/?s={search_term_string}\"},\"query-input\":{\"@type\":\"PropertyValueSpecification\",\"valueRequired\":true,\"valueName\":\"search_term_string\"}}],\"inLanguage\":\"en-US\"}]}<\/script>\n<!-- \/ Yoast SEO plugin. -->","yoast_head_json":{"title":"Sanofi project - Ladanyi 95 Kft.","robots":{"index":"index","follow":"follow","max-snippet":"max-snippet:-1","max-image-preview":"max-image-preview:large","max-video-preview":"max-video-preview:-1"},"canonical":"https:\/\/ladanyi-kivitelezes.hu\/en\/projects\/sanofi-project\/","og_locale":"en_US","og_type":"article","og_title":"Sanofi projects - Lad\u00e1nyi & Co. Ltd.","og_description":"[vc_row disable_element=&#8221;yes&#8221; css=&#8221;.vc_custom_1734030779673{padding-top: 30px !important;}&#8221; _et_uniqid=&#8221;et_custom_uniqid_new_675b35b65db44&#8243;][vc_column][vc_column_text css=&#8221;&#8221; el_class=&#8221;project-back&#8221;]Projects[\/vc_column_text][\/vc_column][\/vc_row][vc_row css=&#8221;.vc_custom_1734030481536{padding-top: 30px !important;}&#8221; _et_uniqid=&#8221;et_custom_uniqid_new_675b348e37409&#8243;][vc_column][vc_btn title=&#8221;Projects&#8221; style=&#8221;gradient-custom&#8221; gradient_custom_color_1=&#8221;#00000000&#8243; gradient_custom_color_2=&#8221;#00000000&#8243; gradient_text_color=&#8221;#00245F&#8221; i_icon_fontawesome=&#8221;fas fa-chevron-left&#8221; css=&#8221;&#8221; add_icon=&#8221;true&#8221; link=&#8221;url:https%3A%2F%2Fladanyi-kivitelezes.hu%2Fen%2Fprojects%2F|title:Projects&#8221; el_class=&#8221;project-back-button enlarge-element&#8221;][\/vc_column][\/vc_row][vc_row el_class=&#8221;project-details&#8221;...","og_url":"https:\/\/ladanyi-kivitelezes.hu\/en\/projects\/sanofi-project\/","og_site_name":"Ladanyi 95 Kft.","article_modified_time":"2025-03-31T10:36:51+00:00","og_image":[{"url":"http:\/\/ladanyi-kivitelezes.hu\/wp-content\/uploads\/2024\/12\/ladanyi-kep-1024x682.jpg","type":"","width":"","height":""}],"twitter_card":"summary_large_image","twitter_misc":{"Est. reading time":"3 minutes"},"schema":{"@context":"https:\/\/schema.org","@graph":[{"@type":"WebPage","@id":"https:\/\/ladanyi-kivitelezes.hu\/en\/projects\/sanofi-project\/","url":"https:\/\/ladanyi-kivitelezes.hu\/en\/projects\/sanofi-project\/","name":"Sanofi project - Ladanyi 95 Kft.","isPartOf":{"@id":"https:\/\/ladanyi-kivitelezes.hu\/en\/#website"},"primaryImageOfPage":{"@id":"https:\/\/ladanyi-kivitelezes.hu\/en\/projects\/sanofi-project\/#primaryimage"},"image":{"@id":"https:\/\/ladanyi-kivitelezes.hu\/en\/projects\/sanofi-project\/#primaryimage"},"thumbnailUrl":"https:\/\/ladanyi-kivitelezes.hu\/wp-content\/uploads\/2024\/12\/ladanyi-kep.jpg","datePublished":"2024-11-07T15:49:59+00:00","dateModified":"2025-03-31T10:36:51+00:00","breadcrumb":{"@id":"https:\/\/ladanyi-kivitelezes.hu\/en\/projects\/sanofi-project\/#breadcrumb"},"inLanguage":"en-US","potentialAction":[{"@type":"ReadAction","target":["https:\/\/ladanyi-kivitelezes.hu\/en\/projects\/sanofi-project\/"]}]},{"@type":"ImageObject","inLanguage":"en-US","@id":"https:\/\/ladanyi-kivitelezes.hu\/en\/projects\/sanofi-project\/#primaryimage","url":"https:\/\/ladanyi-kivitelezes.hu\/wp-content\/uploads\/2024\/12\/ladanyi-kep.jpg","contentUrl":"https:\/\/ladanyi-kivitelezes.hu\/wp-content\/uploads\/2024\/12\/ladanyi-kep.jpg","width":2500,"height":1666},{"@type":"BreadcrumbList","@id":"https:\/\/ladanyi-kivitelezes.hu\/en\/projects\/sanofi-project\/#breadcrumb","itemListElement":[{"@type":"ListItem","position":1,"name":"Home","item":"https:\/\/ladanyi-kivitelezes.hu\/en\/"},{"@type":"ListItem","position":2,"name":"Projects","item":"https:\/\/ladanyi-kivitelezes.hu\/en\/projects\/"},{"@type":"ListItem","position":3,"name":"Sanofi project"}]},{"@type":"WebSite","@id":"https:\/\/ladanyi-kivitelezes.hu\/en\/#website","url":"https:\/\/ladanyi-kivitelezes.hu\/en\/","name":"Ladanyi 95 Kft.","description":"\u00c9p\u00edt\u0151ipari projektek tervez\u00e9se \u00e9s kivitelez\u00e9se","potentialAction":[{"@type":"SearchAction","target":{"@type":"EntryPoint","urlTemplate":"https:\/\/ladanyi-kivitelezes.hu\/en\/?s={search_term_string}"},"query-input":{"@type":"PropertyValueSpecification","valueRequired":true,"valueName":"search_term_string"}}],"inLanguage":"en-US"}]}},"_links":{"self":[{"href":"https:\/\/ladanyi-kivitelezes.hu\/en\/wp-json\/wp\/v2\/pages\/2679","targetHints":{"allow":["GET"]}}],"collection":[{"href":"https:\/\/ladanyi-kivitelezes.hu\/en\/wp-json\/wp\/v2\/pages"}],"about":[{"href":"https:\/\/ladanyi-kivitelezes.hu\/en\/wp-json\/wp\/v2\/types\/page"}],"author":[{"embeddable":true,"href":"https:\/\/ladanyi-kivitelezes.hu\/en\/wp-json\/wp\/v2\/users\/3"}],"replies":[{"embeddable":true,"href":"https:\/\/ladanyi-kivitelezes.hu\/en\/wp-json\/wp\/v2\/comments?post=2679"}],"version-history":[{"count":5,"href":"https:\/\/ladanyi-kivitelezes.hu\/en\/wp-json\/wp\/v2\/pages\/2679\/revisions"}],"predecessor-version":[{"id":2815,"href":"https:\/\/ladanyi-kivitelezes.hu\/en\/wp-json\/wp\/v2\/pages\/2679\/revisions\/2815"}],"up":[{"embeddable":true,"href":"https:\/\/ladanyi-kivitelezes.hu\/en\/wp-json\/wp\/v2\/pages\/2640"}],"wp:featuredmedia":[{"embeddable":true,"href":"https:\/\/ladanyi-kivitelezes.hu\/en\/wp-json\/wp\/v2\/media\/2635"}],"wp:attachment":[{"href":"https:\/\/ladanyi-kivitelezes.hu\/en\/wp-json\/wp\/v2\/media?parent=2679"}],"curies":[{"name":"wp","href":"https:\/\/api.w.org\/{rel}","templated":true}]}}