{"id":2667,"date":"2024-12-01T19:02:55","date_gmt":"2024-12-01T19:02:55","guid":{"rendered":"https:\/\/ladanyi-kivitelezes.hu\/about-us\/hungarian-builders-article\/"},"modified":"2025-03-31T10:40:27","modified_gmt":"2025-03-31T10:40:27","slug":"hungarian-builders-article","status":"publish","type":"page","link":"https:\/\/ladanyi-kivitelezes.hu\/en\/about-us\/hungarian-builders-article\/","title":{"rendered":"Hungarian Builders Article"},"content":{"rendered":"<div class=\"wpb-content-wrapper\"><p>[vc_row css=&#8221;.vc_custom_1734030481536{padding-top: 30px !important;}&#8221; _et_uniqid=&#8221;et_custom_uniqid_new_675b348e37409&#8243;][vc_column][vc_btn title=&#8221;Back to&#8221; style=&#8221;gradient-custom&#8221; gradient_custom_color_1=&#8221;#00000000&#8243; gradient_custom_color_2=&#8221;#00000000&#8243; gradient_text_color=&#8221;#00245F&#8221; i_icon_fontawesome=&#8221;fas fa-chevron-left&#8221; css=&#8221;&#8221; add_icon=&#8221;true&#8221; link=&#8221;url:https%3A%2F%2Fladanyi-kivitelezes.hu%2Fen%2Fabout-us%2F|title:Projects&#8221; el_class=&#8221;project-back-button enlarge-element&#8221;][\/vc_column][\/vc_row][vc_row full_width=&#8221;stretch_row_content&#8221; _et_uniqid=&#8221;et_custom_uniqid_new_675060ac72d0a&#8221;][vc_column][vc_single_image image=&#8221;797&#8243; img_size=&#8221;full&#8221; alignment=&#8221;center&#8221; css=&#8221;&#8221; el_class=&#8221;img-max-width&#8221;][\/vc_column][\/vc_row]<\/p>\n<\/div>","protected":false},"excerpt":{"rendered":"<p>[vc_row css=&#8221;.vc_custom_1734030481536{padding-top: 30px !important;}&#8221; _et_uniqid=&#8221;et_custom_uniqid_new_675b348e37409&#8243;][vc_column][vc_btn title=&#8221;Back to&#8221; style=&#8221;gradient-custom&#8221; gradient_custom_color_1=&#8221;#00000000&#8243; gradient_custom_color_2=&#8221;#00000000&#8243; gradient_text_color=&#8221;#00245F&#8221; i_icon_fontawesome=&#8221;fas fa-chevron-left&#8221; css=&#8221;&#8221; add_icon=&#8221;true&#8221; link=&#8221;url:https%3A%2F%2Fladanyi-kivitelezes.hu%2Fen%2Fabout-us%2F|title:Projects&#8221; el_class=&#8221;project-back-button enlarge-element&#8221;][\/vc_column][\/vc_row][vc_row full_width=&#8221;stretch_row_content&#8221; _et_uniqid=&#8221;et_custom_uniqid_new_675060ac72d0a&#8221;][vc_column][vc_single_image image=&#8221;797&#8243; img_size=&#8221;full&#8221; alignment=&#8221;center&#8221; css=&#8221;&#8221; el_class=&#8221;img-max-width&#8221;][\/vc_column][\/vc_row]<\/p>\n","protected":false},"author":2,"featured_media":0,"parent":2639,"menu_order":0,"comment_status":"closed","ping_status":"closed","template":"","meta":{"footnotes":""},"class_list":["post-2667","page","type-page","status-publish","hentry"],"yoast_head":"<!-- This site is optimized with the Yoast SEO plugin v24.1 - https:\/\/yoast.com\/wordpress\/plugins\/seo\/ -->\n<title>Hungarian Builders Article - Ladanyi 95 Kft.<\/title>\n<meta name=\"robots\" content=\"index, follow, max-snippet:-1, max-image-preview:large, max-video-preview:-1\" \/>\n<link rel=\"canonical\" href=\"https:\/\/ladanyi-kivitelezes.hu\/en\/about-us\/hungarian-builders-article\/\" \/>\n<meta property=\"og:locale\" content=\"en_US\" \/>\n<meta property=\"og:type\" content=\"article\" \/>\n<meta property=\"og:title\" content=\"Hungarian Builders Article - Ladanyi 95 Kft.\" \/>\n<meta property=\"og:description\" content=\"[vc_row css=&#8221;.vc_custom_1734030481536{padding-top: 30px !important;}&#8221; _et_uniqid=&#8221;et_custom_uniqid_new_675b348e37409&#8243;][vc_column][vc_btn title=&#8221;Back to&#8221; style=&#8221;gradient-custom&#8221; gradient_custom_color_1=&#8221;#00000000&#8243; gradient_custom_color_2=&#8221;#00000000&#8243; gradient_text_color=&#8221;#00245F&#8221; i_icon_fontawesome=&#8221;fas fa-chevron-left&#8221; css=&#8221;&#8221; add_icon=&#8221;true&#8221; link=&#8221;url:https%3A%2F%2Fladanyi-kivitelezes.hu%2Fen%2Fabout-us%2F|title:Projects&#8221; el_class=&#8221;project-back-button enlarge-element&#8221;][\/vc_column][\/vc_row][vc_row full_width=&#8221;stretch_row_content&#8221; _et_uniqid=&#8221;et_custom_uniqid_new_675060ac72d0a&#8221;][vc_column][vc_single_image image=&#8221;797&#8243; img_size=&#8221;full&#8221; alignment=&#8221;center&#8221; css=&#8221;&#8221; el_class=&#8221;img-max-width&#8221;][\/vc_column][\/vc_row]\" \/>\n<meta property=\"og:url\" content=\"https:\/\/ladanyi-kivitelezes.hu\/en\/about-us\/hungarian-builders-article\/\" \/>\n<meta property=\"og:site_name\" content=\"Ladanyi 95 Kft.\" \/>\n<meta property=\"article:modified_time\" content=\"2025-03-31T10:40:27+00:00\" \/>\n<meta name=\"twitter:card\" content=\"summary_large_image\" \/>\n<script type=\"application\/ld+json\" class=\"yoast-schema-graph\">{\"@context\":\"https:\/\/schema.org\",\"@graph\":[{\"@type\":\"WebPage\",\"@id\":\"https:\/\/ladanyi-kivitelezes.hu\/en\/about-us\/hungarian-builders-article\/\",\"url\":\"https:\/\/ladanyi-kivitelezes.hu\/en\/about-us\/hungarian-builders-article\/\",\"name\":\"Hungarian Builders Article - Ladanyi 95 Kft.\",\"isPartOf\":{\"@id\":\"https:\/\/ladanyi-kivitelezes.hu\/en\/#website\"},\"datePublished\":\"2024-12-01T19:02:55+00:00\",\"dateModified\":\"2025-03-31T10:40:27+00:00\",\"breadcrumb\":{\"@id\":\"https:\/\/ladanyi-kivitelezes.hu\/en\/about-us\/hungarian-builders-article\/#breadcrumb\"},\"inLanguage\":\"en-US\",\"potentialAction\":[{\"@type\":\"ReadAction\",\"target\":[\"https:\/\/ladanyi-kivitelezes.hu\/en\/about-us\/hungarian-builders-article\/\"]}]},{\"@type\":\"BreadcrumbList\",\"@id\":\"https:\/\/ladanyi-kivitelezes.hu\/en\/about-us\/hungarian-builders-article\/#breadcrumb\",\"itemListElement\":[{\"@type\":\"ListItem\",\"position\":1,\"name\":\"Home\",\"item\":\"https:\/\/ladanyi-kivitelezes.hu\/en\/\"},{\"@type\":\"ListItem\",\"position\":2,\"name\":\"About us\",\"item\":\"https:\/\/ladanyi-kivitelezes.hu\/en\/about-us\/\"},{\"@type\":\"ListItem\",\"position\":3,\"name\":\"Hungarian Builders Article\"}]},{\"@type\":\"WebSite\",\"@id\":\"https:\/\/ladanyi-kivitelezes.hu\/en\/#website\",\"url\":\"https:\/\/ladanyi-kivitelezes.hu\/en\/\",\"name\":\"Ladanyi 95 Kft.\",\"description\":\"\u00c9p\u00edt\u0151ipari projektek tervez\u00e9se \u00e9s kivitelez\u00e9se\",\"potentialAction\":[{\"@type\":\"SearchAction\",\"target\":{\"@type\":\"EntryPoint\",\"urlTemplate\":\"https:\/\/ladanyi-kivitelezes.hu\/en\/?s={search_term_string}\"},\"query-input\":{\"@type\":\"PropertyValueSpecification\",\"valueRequired\":true,\"valueName\":\"search_term_string\"}}],\"inLanguage\":\"en-US\"}]}<\/script>\n<!-- \/ Yoast SEO plugin. -->","yoast_head_json":{"title":"Hungarian Builders Article - Ladanyi 95 Kft.","robots":{"index":"index","follow":"follow","max-snippet":"max-snippet:-1","max-image-preview":"max-image-preview:large","max-video-preview":"max-video-preview:-1"},"canonical":"https:\/\/ladanyi-kivitelezes.hu\/en\/about-us\/hungarian-builders-article\/","og_locale":"en_US","og_type":"article","og_title":"Hungarian Builders Article - Ladanyi 95 Kft.","og_description":"[vc_row css=&#8221;.vc_custom_1734030481536{padding-top: 30px !important;}&#8221; _et_uniqid=&#8221;et_custom_uniqid_new_675b348e37409&#8243;][vc_column][vc_btn title=&#8221;Back to&#8221; style=&#8221;gradient-custom&#8221; gradient_custom_color_1=&#8221;#00000000&#8243; gradient_custom_color_2=&#8221;#00000000&#8243; gradient_text_color=&#8221;#00245F&#8221; i_icon_fontawesome=&#8221;fas fa-chevron-left&#8221; css=&#8221;&#8221; add_icon=&#8221;true&#8221; link=&#8221;url:https%3A%2F%2Fladanyi-kivitelezes.hu%2Fen%2Fabout-us%2F|title:Projects&#8221; el_class=&#8221;project-back-button enlarge-element&#8221;][\/vc_column][\/vc_row][vc_row full_width=&#8221;stretch_row_content&#8221; _et_uniqid=&#8221;et_custom_uniqid_new_675060ac72d0a&#8221;][vc_column][vc_single_image image=&#8221;797&#8243; img_size=&#8221;full&#8221; alignment=&#8221;center&#8221; css=&#8221;&#8221; el_class=&#8221;img-max-width&#8221;][\/vc_column][\/vc_row]","og_url":"https:\/\/ladanyi-kivitelezes.hu\/en\/about-us\/hungarian-builders-article\/","og_site_name":"Ladanyi 95 Kft.","article_modified_time":"2025-03-31T10:40:27+00:00","twitter_card":"summary_large_image","schema":{"@context":"https:\/\/schema.org","@graph":[{"@type":"WebPage","@id":"https:\/\/ladanyi-kivitelezes.hu\/en\/about-us\/hungarian-builders-article\/","url":"https:\/\/ladanyi-kivitelezes.hu\/en\/about-us\/hungarian-builders-article\/","name":"Hungarian Builders Article - Ladanyi 95 Kft.","isPartOf":{"@id":"https:\/\/ladanyi-kivitelezes.hu\/en\/#website"},"datePublished":"2024-12-01T19:02:55+00:00","dateModified":"2025-03-31T10:40:27+00:00","breadcrumb":{"@id":"https:\/\/ladanyi-kivitelezes.hu\/en\/about-us\/hungarian-builders-article\/#breadcrumb"},"inLanguage":"en-US","potentialAction":[{"@type":"ReadAction","target":["https:\/\/ladanyi-kivitelezes.hu\/en\/about-us\/hungarian-builders-article\/"]}]},{"@type":"BreadcrumbList","@id":"https:\/\/ladanyi-kivitelezes.hu\/en\/about-us\/hungarian-builders-article\/#breadcrumb","itemListElement":[{"@type":"ListItem","position":1,"name":"Home","item":"https:\/\/ladanyi-kivitelezes.hu\/en\/"},{"@type":"ListItem","position":2,"name":"About us","item":"https:\/\/ladanyi-kivitelezes.hu\/en\/about-us\/"},{"@type":"ListItem","position":3,"name":"Hungarian Builders Article"}]},{"@type":"WebSite","@id":"https:\/\/ladanyi-kivitelezes.hu\/en\/#website","url":"https:\/\/ladanyi-kivitelezes.hu\/en\/","name":"Ladanyi 95 Kft.","description":"\u00c9p\u00edt\u0151ipari projektek tervez\u00e9se \u00e9s kivitelez\u00e9se","potentialAction":[{"@type":"SearchAction","target":{"@type":"EntryPoint","urlTemplate":"https:\/\/ladanyi-kivitelezes.hu\/en\/?s={search_term_string}"},"query-input":{"@type":"PropertyValueSpecification","valueRequired":true,"valueName":"search_term_string"}}],"inLanguage":"en-US"}]}},"_links":{"self":[{"href":"https:\/\/ladanyi-kivitelezes.hu\/en\/wp-json\/wp\/v2\/pages\/2667","targetHints":{"allow":["GET"]}}],"collection":[{"href":"https:\/\/ladanyi-kivitelezes.hu\/en\/wp-json\/wp\/v2\/pages"}],"about":[{"href":"https:\/\/ladanyi-kivitelezes.hu\/en\/wp-json\/wp\/v2\/types\/page"}],"author":[{"embeddable":true,"href":"https:\/\/ladanyi-kivitelezes.hu\/en\/wp-json\/wp\/v2\/users\/2"}],"replies":[{"embeddable":true,"href":"https:\/\/ladanyi-kivitelezes.hu\/en\/wp-json\/wp\/v2\/comments?post=2667"}],"version-history":[{"count":3,"href":"https:\/\/ladanyi-kivitelezes.hu\/en\/wp-json\/wp\/v2\/pages\/2667\/revisions"}],"predecessor-version":[{"id":2818,"href":"https:\/\/ladanyi-kivitelezes.hu\/en\/wp-json\/wp\/v2\/pages\/2667\/revisions\/2818"}],"up":[{"embeddable":true,"href":"https:\/\/ladanyi-kivitelezes.hu\/en\/wp-json\/wp\/v2\/pages\/2639"}],"wp:attachment":[{"href":"https:\/\/ladanyi-kivitelezes.hu\/en\/wp-json\/wp\/v2\/media?parent=2667"}],"curies":[{"name":"wp","href":"https:\/\/api.w.org\/{rel}","templated":true}]}}