{"id":2664,"date":"2024-12-16T10:41:44","date_gmt":"2024-12-16T10:41:44","guid":{"rendered":"https:\/\/ladanyi-kivitelezes.hu\/highlights\/rock-cellar-reinforcement\/"},"modified":"2025-03-31T10:50:25","modified_gmt":"2025-03-31T10:50:25","slug":"rock-cellar-reinforcement","status":"publish","type":"page","link":"https:\/\/ladanyi-kivitelezes.hu\/en\/highlights\/rock-cellar-reinforcement\/","title":{"rendered":"Rock cellar reinforcement"},"content":{"rendered":"<div class=\"wpb-content-wrapper\"><p>[vc_row disable_element=&#8221;yes&#8221; el_class=&#8221;rounded-image object-fit&#8221; _et_uniqid=&#8221;et_custom_uniqid_new_676003f455502&#8243;][vc_column][vc_row_inner][vc_column_inner][vc_single_image image=&#8221;507&#8243; img_size=&#8221;full&#8221; alignment=&#8221;center&#8221; css=&#8221;&#8221;][\/vc_column_inner][\/vc_row_inner][vc_row_inner el_class=&#8221;row-two-by-two&#8221; _et_uniqid=&#8221;et_custom_uniqid_new_674494018ae15&#8243;][vc_column_inner el_class=&#8221;column-two-by-two&#8221; width=&#8221;1\/2&#8243; _et_uniqid=&#8221;et_custom_uniqid_new_67449394d872d&#8221;][vc_single_image image=&#8221;502&#8243; img_size=&#8221;full&#8221; alignment=&#8221;center&#8221; css=&#8221;&#8221;][\/vc_column_inner][vc_column_inner el_class=&#8221;column-two-by-two&#8221; width=&#8221;1\/2&#8243; _et_uniqid=&#8221;et_custom_uniqid_new_6744938fa0977&#8243;][vc_single_image image=&#8221;501&#8243; img_size=&#8221;full&#8221; alignment=&#8221;center&#8221; css=&#8221;&#8221;][\/vc_column_inner][\/vc_row_inner][vc_row_inner][vc_column_inner][vc_single_image image=&#8221;506&#8243; img_size=&#8221;full&#8221; alignment=&#8221;center&#8221; css=&#8221;&#8221;][\/vc_column_inner][\/vc_row_inner][vc_row_inner el_class=&#8221;row-two-by-two&#8221; _et_uniqid=&#8221;et_custom_uniqid_new_6744939838ef4&#8243;][vc_column_inner el_class=&#8221;column-two-by-two&#8221; width=&#8221;2\/3&#8243; _et_uniqid=&#8221;et_custom_uniqid_new_674493a7d55ca&#8221;][vc_single_image image=&#8221;503&#8243; img_size=&#8221;full&#8221; alignment=&#8221;center&#8221; css=&#8221;&#8221;][\/vc_column_inner][vc_column_inner el_class=&#8221;column-two-by-two&#8221; width=&#8221;1\/3&#8243; _et_uniqid=&#8221;et_custom_uniqid_new_674493a0561b0&#8243;][vc_single_image image=&#8221;505&#8243; img_size=&#8221;full&#8221; alignment=&#8221;center&#8221; css=&#8221;&#8221;][\/vc_column_inner][\/vc_row_inner][vc_row_inner][vc_column_inner][vc_single_image image=&#8221;504&#8243; img_size=&#8221;full&#8221; alignment=&#8221;center&#8221; css=&#8221;&#8221;][\/vc_column_inner][\/vc_row_inner][\/vc_column][\/vc_row][vc_row css=&#8221;.vc_custom_1734030481536{padding-top: 30px !important;}&#8221; _et_uniqid=&#8221;et_custom_uniqid_new_675b348e37409&#8243;][vc_column][vc_btn title=&#8221;Highlights&#8221; style=&#8221;gradient-custom&#8221; gradient_custom_color_1=&#8221;#00000000&#8243; gradient_custom_color_2=&#8221;#00000000&#8243; gradient_text_color=&#8221;#00245F&#8221; i_icon_fontawesome=&#8221;fas fa-chevron-left&#8221; css=&#8221;&#8221; add_icon=&#8221;true&#8221; link=&#8221;url:https%3A%2F%2Fladanyi-kivitelezes.hu%2Fen%2Fhighlights%2F|title:Projects&#8221; el_class=&#8221;project-back-button enlarge-element&#8221;][\/vc_column][\/vc_row][vc_row content_placement=&#8221;top&#8221; el_class=&#8221;image-enlarge anchor-title row-two-by-two2 rounded-image project-preview&#8221; _et_uniqid=&#8221;et_custom_uniqid_new_67659230bedb4&#8243;][vc_column width=&#8221;1\/4&#8243; el_class=&#8221;column-two-by-two&#8221; _et_uniqid=&#8221;et_custom_uniqid_new_6761bafdefb27&#8243;][vc_single_image image=&#8221;1931&#8243; img_size=&#8221;full&#8221; alignment=&#8221;center&#8221; onclick=&#8221;custom_link&#8221; css=&#8221;&#8221; link=&#8221;#dreher-rock-cellar&#8221;][vc_column_text css=&#8221;&#8221;]<\/p>\n<h3 style=\"text-align: center;\">Dreher rock cellar<\/h3>\n<p>[\/vc_column_text][\/vc_column][vc_column width=&#8221;1\/4&#8243; el_class=&#8221;column-two-by-two&#8221; _et_uniqid=&#8221;et_custom_uniqid_new_6761bb09d6ef6&#8243;][vc_single_image image=&#8221;1932&#8243; img_size=&#8221;full&#8221; alignment=&#8221;center&#8221; onclick=&#8221;custom_link&#8221; css=&#8221;&#8221; link=&#8221;#dreher-counterfort-reinforcement&#8221;][vc_column_text css=&#8221;&#8221;]<\/p>\n<h3 style=\"text-align: center;\">Dreher counterfort reinforcement<\/h3>\n<p>[\/vc_column_text][\/vc_column][vc_column width=&#8221;1\/4&#8243; el_class=&#8221;column-two-by-two&#8221; _et_uniqid=&#8221;et_custom_uniqid_new_6763f1d9d3910&#8243;][vc_single_image image=&#8221;1933&#8243; img_size=&#8221;full&#8221; alignment=&#8221;center&#8221; onclick=&#8221;custom_link&#8221; css=&#8221;&#8221; link=&#8221;#parks-cellar&#8221;][vc_column_text css=&#8221;&#8221;]<\/p>\n<h3 style=\"text-align: center;\">X. district Cellar in \u00d3hegy Park<\/h3>\n<p>[\/vc_column_text][\/vc_column][vc_column width=&#8221;1\/4&#8243;][\/vc_column][\/vc_row][vc_row el_class=&#8221;project-details&#8221; _et_uniqid=&#8221;et_custom_uniqid_new_6763f22259748&#8243; el_id=&#8221;dreher-rock-cellar&#8221;][vc_column][vc_empty_space el_class=&#8221;phone-only&#8221;][vc_column_text css=&#8221;&#8221;]<\/p>\n<h2><strong>Dreher rock cellar reinforcement<\/strong><\/h2>\n<p>[\/vc_column_text][vc_raw_html css=&#8221;&#8221;]W2Jsb2NrIGlkPSIxNTAxIl0=[\/vc_raw_html][\/vc_column][\/vc_row][vc_row el_id=&#8221;dreher-counterfort-reinforcement&#8221; _et_uniqid=&#8221;et_custom_uniqid_new_6763f2161f2fc&#8221;][vc_column][vc_column_text css=&#8221;&#8221; el_class=&#8221;project-details&#8221;]<\/p>\n<h2><strong>Dreher counterfort reinforcement<\/strong><\/h2>\n<p>[\/vc_column_text][vc_raw_html css=&#8221;&#8221;]W2Jsb2NrIGlkPSIxNzQzIl0=[\/vc_raw_html][\/vc_column][\/vc_row][vc_row el_class=&#8221;project-details&#8221; _et_uniqid=&#8221;et_custom_uniqid_new_6763f1fd7ebd6&#8243; el_id=&#8221;parks-cellar&#8221;][vc_column][vc_column_text css=&#8221;&#8221;]<\/p>\n<h2><strong>X. district Cellar in \u00d3hegy Park<\/strong><\/h2>\n<p>[\/vc_column_text][vc_raw_html css=&#8221;&#8221;]W2Jsb2NrIGlkPSIxNzUyIl0=[\/vc_raw_html][\/vc_column][\/vc_row]<\/p>\n<\/div>","protected":false},"excerpt":{"rendered":"<p>[vc_row disable_element=&#8221;yes&#8221; el_class=&#8221;rounded-image object-fit&#8221; _et_uniqid=&#8221;et_custom_uniqid_new_676003f455502&#8243;][vc_column][vc_row_inner][vc_column_inner][vc_single_image image=&#8221;507&#8243; img_size=&#8221;full&#8221; alignment=&#8221;center&#8221; css=&#8221;&#8221;][\/vc_column_inner][\/vc_row_inner][vc_row_inner el_class=&#8221;row-two-by-two&#8221; _et_uniqid=&#8221;et_custom_uniqid_new_674494018ae15&#8243;][vc_column_inner el_class=&#8221;column-two-by-two&#8221; width=&#8221;1\/2&#8243; _et_uniqid=&#8221;et_custom_uniqid_new_67449394d872d&#8221;][vc_single_image image=&#8221;502&#8243; img_size=&#8221;full&#8221; alignment=&#8221;center&#8221; css=&#8221;&#8221;][\/vc_column_inner][vc_column_inner el_class=&#8221;column-two-by-two&#8221; width=&#8221;1\/2&#8243; _et_uniqid=&#8221;et_custom_uniqid_new_6744938fa0977&#8243;][vc_single_image image=&#8221;501&#8243; img_size=&#8221;full&#8221; alignment=&#8221;center&#8221; css=&#8221;&#8221;][\/vc_column_inner][\/vc_row_inner][vc_row_inner][vc_column_inner][vc_single_image&#8230;<\/p>\n","protected":false},"author":3,"featured_media":2635,"parent":2648,"menu_order":0,"comment_status":"closed","ping_status":"closed","template":"","meta":{"footnotes":""},"class_list":["post-2664","page","type-page","status-publish","has-post-thumbnail","hentry"],"yoast_head":"<!-- This site is optimized with the Yoast SEO plugin v24.1 - https:\/\/yoast.com\/wordpress\/plugins\/seo\/ -->\n<title>Rock cellar reinforcement - Ladanyi 95 Kft.<\/title>\n<meta name=\"robots\" content=\"index, follow, max-snippet:-1, max-image-preview:large, max-video-preview:-1\" \/>\n<link rel=\"canonical\" href=\"https:\/\/ladanyi-kivitelezes.hu\/en\/highlights\/rock-cellar-reinforcement\/\" \/>\n<meta property=\"og:locale\" content=\"en_US\" \/>\n<meta property=\"og:type\" content=\"article\" \/>\n<meta property=\"og:title\" content=\"Rock cellar reinforcement- Lad\u00e1nyi &amp; Co. Ltd.\" \/>\n<meta property=\"og:description\" content=\"[vc_row disable_element=&#8221;yes&#8221; el_class=&#8221;rounded-image object-fit&#8221; _et_uniqid=&#8221;et_custom_uniqid_new_676003f455502&#8243;][vc_column][vc_row_inner][vc_column_inner][vc_single_image image=&#8221;507&#8243; img_size=&#8221;full&#8221; alignment=&#8221;center&#8221; css=&#8221;&#8221;][\/vc_column_inner][\/vc_row_inner][vc_row_inner el_class=&#8221;row-two-by-two&#8221; _et_uniqid=&#8221;et_custom_uniqid_new_674494018ae15&#8243;][vc_column_inner el_class=&#8221;column-two-by-two&#8221; width=&#8221;1\/2&#8243; _et_uniqid=&#8221;et_custom_uniqid_new_67449394d872d&#8221;][vc_single_image image=&#8221;502&#8243; img_size=&#8221;full&#8221; alignment=&#8221;center&#8221; css=&#8221;&#8221;][\/vc_column_inner][vc_column_inner el_class=&#8221;column-two-by-two&#8221; width=&#8221;1\/2&#8243; _et_uniqid=&#8221;et_custom_uniqid_new_6744938fa0977&#8243;][vc_single_image image=&#8221;501&#8243; img_size=&#8221;full&#8221; alignment=&#8221;center&#8221; css=&#8221;&#8221;][\/vc_column_inner][\/vc_row_inner][vc_row_inner][vc_column_inner][vc_single_image...\" \/>\n<meta property=\"og:url\" content=\"https:\/\/ladanyi-kivitelezes.hu\/en\/highlights\/rock-cellar-reinforcement\/\" \/>\n<meta property=\"og:site_name\" content=\"Ladanyi 95 Kft.\" \/>\n<meta property=\"article:modified_time\" content=\"2025-03-31T10:50:25+00:00\" \/>\n<meta property=\"og:image\" content=\"http:\/\/ladanyi-kivitelezes.hu\/wp-content\/uploads\/2024\/12\/ladanyi-kep-1024x682.jpg\" \/>\n<meta name=\"twitter:card\" content=\"summary_large_image\" \/>\n<meta name=\"twitter:label1\" content=\"Est. reading time\" \/>\n\t<meta name=\"twitter:data1\" content=\"4 minutes\" \/>\n<script type=\"application\/ld+json\" class=\"yoast-schema-graph\">{\"@context\":\"https:\/\/schema.org\",\"@graph\":[{\"@type\":\"WebPage\",\"@id\":\"https:\/\/ladanyi-kivitelezes.hu\/en\/highlights\/rock-cellar-reinforcement\/\",\"url\":\"https:\/\/ladanyi-kivitelezes.hu\/en\/highlights\/rock-cellar-reinforcement\/\",\"name\":\"Rock cellar reinforcement - Ladanyi 95 Kft.\",\"isPartOf\":{\"@id\":\"https:\/\/ladanyi-kivitelezes.hu\/en\/#website\"},\"primaryImageOfPage\":{\"@id\":\"https:\/\/ladanyi-kivitelezes.hu\/en\/highlights\/rock-cellar-reinforcement\/#primaryimage\"},\"image\":{\"@id\":\"https:\/\/ladanyi-kivitelezes.hu\/en\/highlights\/rock-cellar-reinforcement\/#primaryimage\"},\"thumbnailUrl\":\"https:\/\/ladanyi-kivitelezes.hu\/wp-content\/uploads\/2024\/12\/ladanyi-kep.jpg\",\"datePublished\":\"2024-12-16T10:41:44+00:00\",\"dateModified\":\"2025-03-31T10:50:25+00:00\",\"breadcrumb\":{\"@id\":\"https:\/\/ladanyi-kivitelezes.hu\/en\/highlights\/rock-cellar-reinforcement\/#breadcrumb\"},\"inLanguage\":\"en-US\",\"potentialAction\":[{\"@type\":\"ReadAction\",\"target\":[\"https:\/\/ladanyi-kivitelezes.hu\/en\/highlights\/rock-cellar-reinforcement\/\"]}]},{\"@type\":\"ImageObject\",\"inLanguage\":\"en-US\",\"@id\":\"https:\/\/ladanyi-kivitelezes.hu\/en\/highlights\/rock-cellar-reinforcement\/#primaryimage\",\"url\":\"https:\/\/ladanyi-kivitelezes.hu\/wp-content\/uploads\/2024\/12\/ladanyi-kep.jpg\",\"contentUrl\":\"https:\/\/ladanyi-kivitelezes.hu\/wp-content\/uploads\/2024\/12\/ladanyi-kep.jpg\",\"width\":2500,\"height\":1666},{\"@type\":\"BreadcrumbList\",\"@id\":\"https:\/\/ladanyi-kivitelezes.hu\/en\/highlights\/rock-cellar-reinforcement\/#breadcrumb\",\"itemListElement\":[{\"@type\":\"ListItem\",\"position\":1,\"name\":\"Home\",\"item\":\"https:\/\/ladanyi-kivitelezes.hu\/en\/\"},{\"@type\":\"ListItem\",\"position\":2,\"name\":\"Highlights\",\"item\":\"https:\/\/ladanyi-kivitelezes.hu\/en\/highlights\/\"},{\"@type\":\"ListItem\",\"position\":3,\"name\":\"Rock cellar reinforcement\"}]},{\"@type\":\"WebSite\",\"@id\":\"https:\/\/ladanyi-kivitelezes.hu\/en\/#website\",\"url\":\"https:\/\/ladanyi-kivitelezes.hu\/en\/\",\"name\":\"Ladanyi 95 Kft.\",\"description\":\"\u00c9p\u00edt\u0151ipari projektek tervez\u00e9se \u00e9s kivitelez\u00e9se\",\"potentialAction\":[{\"@type\":\"SearchAction\",\"target\":{\"@type\":\"EntryPoint\",\"urlTemplate\":\"https:\/\/ladanyi-kivitelezes.hu\/en\/?s={search_term_string}\"},\"query-input\":{\"@type\":\"PropertyValueSpecification\",\"valueRequired\":true,\"valueName\":\"search_term_string\"}}],\"inLanguage\":\"en-US\"}]}<\/script>\n<!-- \/ Yoast SEO plugin. -->","yoast_head_json":{"title":"Rock cellar reinforcement - Ladanyi 95 Kft.","robots":{"index":"index","follow":"follow","max-snippet":"max-snippet:-1","max-image-preview":"max-image-preview:large","max-video-preview":"max-video-preview:-1"},"canonical":"https:\/\/ladanyi-kivitelezes.hu\/en\/highlights\/rock-cellar-reinforcement\/","og_locale":"en_US","og_type":"article","og_title":"Rock cellar reinforcement- Lad\u00e1nyi & Co. Ltd.","og_description":"[vc_row disable_element=&#8221;yes&#8221; el_class=&#8221;rounded-image object-fit&#8221; _et_uniqid=&#8221;et_custom_uniqid_new_676003f455502&#8243;][vc_column][vc_row_inner][vc_column_inner][vc_single_image image=&#8221;507&#8243; img_size=&#8221;full&#8221; alignment=&#8221;center&#8221; css=&#8221;&#8221;][\/vc_column_inner][\/vc_row_inner][vc_row_inner el_class=&#8221;row-two-by-two&#8221; _et_uniqid=&#8221;et_custom_uniqid_new_674494018ae15&#8243;][vc_column_inner el_class=&#8221;column-two-by-two&#8221; width=&#8221;1\/2&#8243; _et_uniqid=&#8221;et_custom_uniqid_new_67449394d872d&#8221;][vc_single_image image=&#8221;502&#8243; img_size=&#8221;full&#8221; alignment=&#8221;center&#8221; css=&#8221;&#8221;][\/vc_column_inner][vc_column_inner el_class=&#8221;column-two-by-two&#8221; width=&#8221;1\/2&#8243; _et_uniqid=&#8221;et_custom_uniqid_new_6744938fa0977&#8243;][vc_single_image image=&#8221;501&#8243; img_size=&#8221;full&#8221; alignment=&#8221;center&#8221; css=&#8221;&#8221;][\/vc_column_inner][\/vc_row_inner][vc_row_inner][vc_column_inner][vc_single_image...","og_url":"https:\/\/ladanyi-kivitelezes.hu\/en\/highlights\/rock-cellar-reinforcement\/","og_site_name":"Ladanyi 95 Kft.","article_modified_time":"2025-03-31T10:50:25+00:00","og_image":[{"url":"http:\/\/ladanyi-kivitelezes.hu\/wp-content\/uploads\/2024\/12\/ladanyi-kep-1024x682.jpg","type":"","width":"","height":""}],"twitter_card":"summary_large_image","twitter_misc":{"Est. reading time":"4 minutes"},"schema":{"@context":"https:\/\/schema.org","@graph":[{"@type":"WebPage","@id":"https:\/\/ladanyi-kivitelezes.hu\/en\/highlights\/rock-cellar-reinforcement\/","url":"https:\/\/ladanyi-kivitelezes.hu\/en\/highlights\/rock-cellar-reinforcement\/","name":"Rock cellar reinforcement - Ladanyi 95 Kft.","isPartOf":{"@id":"https:\/\/ladanyi-kivitelezes.hu\/en\/#website"},"primaryImageOfPage":{"@id":"https:\/\/ladanyi-kivitelezes.hu\/en\/highlights\/rock-cellar-reinforcement\/#primaryimage"},"image":{"@id":"https:\/\/ladanyi-kivitelezes.hu\/en\/highlights\/rock-cellar-reinforcement\/#primaryimage"},"thumbnailUrl":"https:\/\/ladanyi-kivitelezes.hu\/wp-content\/uploads\/2024\/12\/ladanyi-kep.jpg","datePublished":"2024-12-16T10:41:44+00:00","dateModified":"2025-03-31T10:50:25+00:00","breadcrumb":{"@id":"https:\/\/ladanyi-kivitelezes.hu\/en\/highlights\/rock-cellar-reinforcement\/#breadcrumb"},"inLanguage":"en-US","potentialAction":[{"@type":"ReadAction","target":["https:\/\/ladanyi-kivitelezes.hu\/en\/highlights\/rock-cellar-reinforcement\/"]}]},{"@type":"ImageObject","inLanguage":"en-US","@id":"https:\/\/ladanyi-kivitelezes.hu\/en\/highlights\/rock-cellar-reinforcement\/#primaryimage","url":"https:\/\/ladanyi-kivitelezes.hu\/wp-content\/uploads\/2024\/12\/ladanyi-kep.jpg","contentUrl":"https:\/\/ladanyi-kivitelezes.hu\/wp-content\/uploads\/2024\/12\/ladanyi-kep.jpg","width":2500,"height":1666},{"@type":"BreadcrumbList","@id":"https:\/\/ladanyi-kivitelezes.hu\/en\/highlights\/rock-cellar-reinforcement\/#breadcrumb","itemListElement":[{"@type":"ListItem","position":1,"name":"Home","item":"https:\/\/ladanyi-kivitelezes.hu\/en\/"},{"@type":"ListItem","position":2,"name":"Highlights","item":"https:\/\/ladanyi-kivitelezes.hu\/en\/highlights\/"},{"@type":"ListItem","position":3,"name":"Rock cellar reinforcement"}]},{"@type":"WebSite","@id":"https:\/\/ladanyi-kivitelezes.hu\/en\/#website","url":"https:\/\/ladanyi-kivitelezes.hu\/en\/","name":"Ladanyi 95 Kft.","description":"\u00c9p\u00edt\u0151ipari projektek tervez\u00e9se \u00e9s kivitelez\u00e9se","potentialAction":[{"@type":"SearchAction","target":{"@type":"EntryPoint","urlTemplate":"https:\/\/ladanyi-kivitelezes.hu\/en\/?s={search_term_string}"},"query-input":{"@type":"PropertyValueSpecification","valueRequired":true,"valueName":"search_term_string"}}],"inLanguage":"en-US"}]}},"_links":{"self":[{"href":"https:\/\/ladanyi-kivitelezes.hu\/en\/wp-json\/wp\/v2\/pages\/2664","targetHints":{"allow":["GET"]}}],"collection":[{"href":"https:\/\/ladanyi-kivitelezes.hu\/en\/wp-json\/wp\/v2\/pages"}],"about":[{"href":"https:\/\/ladanyi-kivitelezes.hu\/en\/wp-json\/wp\/v2\/types\/page"}],"author":[{"embeddable":true,"href":"https:\/\/ladanyi-kivitelezes.hu\/en\/wp-json\/wp\/v2\/users\/3"}],"replies":[{"embeddable":true,"href":"https:\/\/ladanyi-kivitelezes.hu\/en\/wp-json\/wp\/v2\/comments?post=2664"}],"version-history":[{"count":18,"href":"https:\/\/ladanyi-kivitelezes.hu\/en\/wp-json\/wp\/v2\/pages\/2664\/revisions"}],"predecessor-version":[{"id":2823,"href":"https:\/\/ladanyi-kivitelezes.hu\/en\/wp-json\/wp\/v2\/pages\/2664\/revisions\/2823"}],"up":[{"embeddable":true,"href":"https:\/\/ladanyi-kivitelezes.hu\/en\/wp-json\/wp\/v2\/pages\/2648"}],"wp:featuredmedia":[{"embeddable":true,"href":"https:\/\/ladanyi-kivitelezes.hu\/en\/wp-json\/wp\/v2\/media\/2635"}],"wp:attachment":[{"href":"https:\/\/ladanyi-kivitelezes.hu\/en\/wp-json\/wp\/v2\/media?parent=2664"}],"curies":[{"name":"wp","href":"https:\/\/api.w.org\/{rel}","templated":true}]}}