{"id":2648,"date":"2024-11-07T15:50:27","date_gmt":"2024-11-07T15:50:27","guid":{"rendered":"https:\/\/ladanyi-kivitelezes.hu\/highlights\/"},"modified":"2025-04-04T09:29:12","modified_gmt":"2025-04-04T09:29:12","slug":"highlights","status":"publish","type":"page","link":"https:\/\/ladanyi-kivitelezes.hu\/en\/highlights\/","title":{"rendered":"Highlights"},"content":{"rendered":"<div class=\"wpb-content-wrapper\"><p>[vc_row full_width=&#8221;stretch_row&#8221; parallax=&#8221;content-moving&#8221; parallax_image=&#8221;659&#8243; parallax_speed_bg=&#8221;1.2&#8243; disable_element=&#8221;yes&#8221; _et_uniqid=&#8221;et_custom_uniqid_new_675b5bd503578&#8243;][vc_column][vc_column_text css=&#8221;.vc_custom_1733136450145{padding-top: 7% !important;padding-bottom: 18% !important;}&#8221; el_class=&#8221;padding-horizontal desktop-only&#8221;]<\/p>\n<h1><span style=\"color: #ffffff; font-size: 60px;\">Highlights<\/span><\/h1>\n<p>[\/vc_column_text][vc_column_text css=&#8221;.vc_custom_1733136461369{padding-top: 7% !important;padding-bottom: 18% !important;}&#8221; el_class=&#8221;padding-horizontal phone-only&#8221;]<\/p>\n<h1><span style=\"color: #ffffff; font-size: 36px;\">Highlights<\/span><\/h1>\n<p>[\/vc_column_text][\/vc_column][\/vc_row][vc_row full_width=&#8221;stretch_row&#8221; parallax=&#8221;content-moving&#8221; parallax_speed_bg=&#8221;1.8&#8243; _et_uniqid=&#8221;et_custom_uniqid_new_676542bad0678&#8243; css=&#8221;.vc_custom_1734689468857{margin-top: 0px !important;padding-top: 0px !important;}&#8221; el_class=&#8221;slider-revolution-section&#8221;][vc_column css=&#8221;.vc_custom_1734040760416{margin-top: 0px !important;padding-top: 0px !important;}&#8221; _et_uniqid=&#8221;et_custom_uniqid_new_675b5cb50bc56&#8243;]\n\t\t\t\t<p class=\"rs-p-wp-fix\"><\/p>\n\t\t\t\t<sr7-module data-alias=\"slider-aloldalakra-1\" data-id=\"7\" id=\"SR7_7_1\" class=\"rs-ov-hidden\" data-version=\"6.7.21\">\n\t\t\t\t\t<sr7-adjuster><\/sr7-adjuster>\n\t\t\t\t\t<sr7-content>\n\t\t\t\t\t\t<sr7-slide id=\"SR7_7_1-16\" data-key=\"16\">\n\t\t\t\t\t\t<\/sr7-slide>\n\t\t\t\t\t\t<sr7-slide id=\"SR7_7_1-17\" data-key=\"17\">\n\t\t\t\t\t\t<\/sr7-slide>\n\t\t\t\t\t<\/sr7-content>\n\t\t\t\t\t<image_lists style=\"display:none\">\n\t\t\t\t\t\t<img data-src=\"\/\/ladanyi-kivitelezes.hu\/wp-content\/uploads\/2024\/12\/ladanyi-slider-kepek-01.jpg\" data-libid=\"1400\" data-lib=\"medialibrary\" title=\"ladanyi-slider-k\u00e9pek-01\" width=\"0\" height=\"0\" data-dbsrc=\"Ly9sYWRhbnlpLWtpdml0ZWxlemVzLmh1L3dwLWNvbnRlbnQvdXBsb2Fkcy8yMDI0LzEyL2xhZGFueWktc2xpZGVyLWtlcGVrLTAxLmpwZw==\"\/>\n\t\t\t\t\t\t<img data-src=\"\/\/ladanyi-kivitelezes.hu\/wp-content\/uploads\/2024\/12\/ladanyi-slider-kepek-02.jpg\" data-libid=\"1401\" data-lib=\"medialibrary\" title=\"ladanyi-slider-k\u00e9pek-02\" width=\"0\" height=\"0\" data-dbsrc=\"Ly9sYWRhbnlpLWtpdml0ZWxlemVzLmh1L3dwLWNvbnRlbnQvdXBsb2Fkcy8yMDI0LzEyL2xhZGFueWktc2xpZGVyLWtlcGVrLTAyLmpwZw==\"\/>\n\t\t\t\t\t\t<img data-src=\"\/\/ladanyi-kivitelezes.hu\/wp-content\/uploads\/2024\/12\/ladanyi-slider-kepek-03.jpg\" data-libid=\"1402\" data-lib=\"medialibrary\" title=\"ladanyi-slider-k\u00e9pek-03\" width=\"0\" height=\"0\" data-dbsrc=\"Ly9sYWRhbnlpLWtpdml0ZWxlemVzLmh1L3dwLWNvbnRlbnQvdXBsb2Fkcy8yMDI0LzEyL2xhZGFueWktc2xpZGVyLWtlcGVrLTAzLmpwZw==\"\/>\n\t\t\t\t\t\t<img data-src=\"\/\/ladanyi-kivitelezes.hu\/wp-content\/uploads\/2024\/12\/ladanyi-slider-kepek-04.jpg\" data-libid=\"1403\" data-lib=\"medialibrary\" title=\"ladanyi-slider-k\u00e9pek-04\" width=\"0\" height=\"0\" data-dbsrc=\"Ly9sYWRhbnlpLWtpdml0ZWxlemVzLmh1L3dwLWNvbnRlbnQvdXBsb2Fkcy8yMDI0LzEyL2xhZGFueWktc2xpZGVyLWtlcGVrLTA0LmpwZw==\"\/>\n\t\t\t\t\t<\/image_lists>\n\t\t\t\t<\/sr7-module>\n\t\t\t\t<script>\n\t\t\t\t\tSR7.PMH ??={}; SR7.PMH[\"SR7_7_1\"] = {cn:0,state:false,fn: function() { if (_tpt!==undefined && _tpt.prepareModuleHeight !== undefined) {  _tpt.prepareModuleHeight({id:\"SR7_7_1\",el:[600,600,600,600,250],type:'standard',shdw:'0',gh:[600,600,600,600,250],gw:[1240,1240,1240,1240,480],vpt:['-100px&#039;,&#039;-100px&#039;,&#039;-100px&#039;,&#039;-100px&#039;,&#039;-100px'],size:{fullWidth:true, fullHeight:false},mh:'0',onh:0,onw:0,bg:{color:'{\"orig\":\"transparent\",\"type\":\"solid\",\"string\":\"transparent\"}'}});   SR7.PMH[\"SR7_7_1\"].state=true;} else if((SR7.PMH[\"SR7_7_1\"].cn++)<100)\tsetTimeout( SR7.PMH[\"SR7_7_1\"].fn,19);}};SR7.PMH[\"SR7_7_1\" ].fn();\n\t\t\t\t<\/script>\n[vc_column_text css=&#8221;.vc_custom_1734689489617{padding-top: 0px !important;padding-bottom: 10% !important;}&#8221; el_class=&#8221;padding-horizontal phone-only main-section-title-box&#8221;]<\/p>\n<h1><span style=\"color: #ffffff; font-size: 36px;\">Highlights<\/span><\/h1>\n<p>[\/vc_column_text][\/vc_column][\/vc_row][vc_row full_width=&#8221;stretch_row&#8221; content_placement=&#8221;top&#8221; parallax=&#8221;content-moving&#8221; parallax_speed_bg=&#8221;1.8&#8243; _et_uniqid=&#8221;et_custom_uniqid_new_6765c08bcbcd0&#8243; el_class=&#8221;main-section-title&#8221; css=&#8221;.vc_custom_1734721689943{margin-bottom: 0px !important;padding-bottom: 0px !important;}&#8221;][vc_column][vc_column_text css=&#8221;.vc_custom_1734040578286{padding-top: 7% !important;padding-bottom: 18% !important;}&#8221; el_class=&#8221;padding-horizontal desktop-only&#8221;]<\/p>\n<h1><span style=\"color: #ffffff; font-size: 60px;\">Highlights<\/span><\/h1>\n<p>[\/vc_column_text][vc_empty_space height=&#8221;1px&#8221; el_class=&#8221;phone-only&#8221;][\/vc_column][\/vc_row][vc_row content_placement=&#8221;top&#8221; el_class=&#8221;image-enlarge anchor-title row-two-by-two2 rounded-image project-preview&#8221; _et_uniqid=&#8221;et_custom_uniqid_new_6765c070d3b1e&#8221; css=&#8221;.vc_custom_1734721655187{padding-top: 20px !important;}&#8221;][vc_column width=&#8221;1\/4&#8243; el_class=&#8221;column-two-by-two&#8221; _et_uniqid=&#8221;et_custom_uniqid_new_6765978c1e6b5&#8243; css=&#8221;.vc_custom_1734711182411{margin-bottom: -30px !important;}&#8221;][vc_single_image image=&#8221;1927&#8243; img_size=&#8221;full&#8221; alignment=&#8221;center&#8221; onclick=&#8221;custom_link&#8221; css=&#8221;&#8221; link=&#8221;https:\/\/ladanyi-kivitelezes.hu\/en\/highlights\/structural-engineering\/&#8221;][vc_column_text css=&#8221;&#8221; el_class=&#8221;section-title-anchor&#8221;]<\/p>\n<h3 style=\"text-align: center;\">Structural engineering<\/h3>\n<p>[\/vc_column_text][\/vc_column][vc_column width=&#8221;1\/4&#8243; el_class=&#8221;column-two-by-two&#8221; _et_uniqid=&#8221;et_custom_uniqid_new_676597872ac94&#8243; css=&#8221;.vc_custom_1734711178796{margin-bottom: -30px !important;}&#8221;][vc_single_image image=&#8221;1933&#8243; img_size=&#8221;full&#8221; alignment=&#8221;center&#8221; onclick=&#8221;custom_link&#8221; css=&#8221;&#8221; link=&#8221;https:\/\/ladanyi-kivitelezes.hu\/en\/highlights\/rock-cellar-reinforcement\/&#8221;][vc_column_text css=&#8221;&#8221;]<\/p>\n<h3 style=\"text-align: center;\">Rock cellar reinforcement<\/h3>\n<p>[\/vc_column_text][\/vc_column][vc_column width=&#8221;1\/4&#8243; el_class=&#8221;column-two-by-two&#8221; _et_uniqid=&#8221;et_custom_uniqid_new_67370b91748ed&#8221;][vc_single_image image=&#8221;1845&#8243; img_size=&#8221;full&#8221; alignment=&#8221;center&#8221; onclick=&#8221;custom_link&#8221; css=&#8221;&#8221;][vc_column_text css=&#8221;&#8221;]<\/p>\n<h3 style=\"text-align: center;\">Demolition<\/h3>\n<p>[\/vc_column_text][\/vc_column][vc_column width=&#8221;1\/4&#8243; el_class=&#8221;column-two-by-two&#8221; _et_uniqid=&#8221;et_custom_uniqid_new_67370bb29e07f&#8221;][vc_single_image image=&#8221;1845&#8243; img_size=&#8221;full&#8221; alignment=&#8221;center&#8221; onclick=&#8221;custom_link&#8221; css=&#8221;&#8221;][vc_column_text css=&#8221;&#8221;]<\/p>\n<h3 style=\"text-align: center;\">Interior renovation<\/h3>\n<p>[\/vc_column_text][\/vc_column][\/vc_row][vc_row content_placement=&#8221;top&#8221; el_class=&#8221;image-enlarge anchor-title row-two-by-two2 rounded-image project-preview&#8221; _et_uniqid=&#8221;et_custom_uniqid_new_6765916e59bab&#8221;][vc_column width=&#8221;1\/4&#8243; el_class=&#8221;column-two-by-two&#8221; _et_uniqid=&#8221;et_custom_uniqid_new_67370b481ee13&#8243;][vc_single_image image=&#8221;1845&#8243; img_size=&#8221;full&#8221; alignment=&#8221;center&#8221; onclick=&#8221;custom_link&#8221; css=&#8221;&#8221;][vc_column_text css=&#8221;&#8221;]<\/p>\n<h3 style=\"text-align: center;\">Exterior renovation<\/h3>\n<p>[\/vc_column_text][\/vc_column][vc_column width=&#8221;1\/4&#8243; el_class=&#8221;column-two-by-two&#8221; _et_uniqid=&#8221;et_custom_uniqid_new_67370b4e4a2ee&#8221;][vc_single_image image=&#8221;1845&#8243; img_size=&#8221;full&#8221; alignment=&#8221;center&#8221; onclick=&#8221;custom_link&#8221; css=&#8221;&#8221;][vc_column_text css=&#8221;&#8221;]<\/p>\n<h3 style=\"text-align: center;\">Cleanroom &#8211; laboratory<\/h3>\n<p>[\/vc_column_text][\/vc_column][vc_column width=&#8221;1\/4&#8243; el_class=&#8221;column-two-by-two&#8221; _et_uniqid=&#8221;et_custom_uniqid_new_67370b91748ed&#8221;][vc_single_image image=&#8221;1845&#8243; img_size=&#8221;full&#8221; alignment=&#8221;center&#8221; onclick=&#8221;custom_link&#8221; css=&#8221;&#8221;][vc_column_text css=&#8221;&#8221;]<\/p>\n<h3 style=\"text-align: center;\">Industrial flooring<\/h3>\n<p>[\/vc_column_text][\/vc_column][vc_column width=&#8221;1\/4&#8243; el_class=&#8221;column-two-by-two&#8221; _et_uniqid=&#8221;et_custom_uniqid_new_67370bb29e07f&#8221;][vc_single_image image=&#8221;1845&#8243; img_size=&#8221;full&#8221; alignment=&#8221;center&#8221; onclick=&#8221;custom_link&#8221; css=&#8221;&#8221;][vc_column_text css=&#8221;&#8221;]<\/p>\n<h3 style=\"text-align: center;\">Building services engineering (water, gas, and HVAC)<\/h3>\n<p>[\/vc_column_text][\/vc_column][\/vc_row][vc_row content_placement=&#8221;top&#8221; el_class=&#8221;image-enlarge anchor-title row-two-by-two2 rounded-image project-preview&#8221; _et_uniqid=&#8221;et_custom_uniqid_new_676591751e01b&#8221;][vc_column width=&#8221;1\/4&#8243; el_class=&#8221;column-two-by-two&#8221; _et_uniqid=&#8221;et_custom_uniqid_new_67370b481ee13&#8243;][vc_single_image image=&#8221;1845&#8243; img_size=&#8221;full&#8221; alignment=&#8221;center&#8221; onclick=&#8221;custom_link&#8221; css=&#8221;&#8221;][vc_column_text css=&#8221;&#8221; el_class=&#8221;section-title-anchor&#8221;]<\/p>\n<h3 style=\"text-align: center;\">Electrical projects<\/h3>\n<p>[\/vc_column_text][\/vc_column][vc_column width=&#8221;1\/4&#8243; el_class=&#8221;column-two-by-two&#8221; _et_uniqid=&#8221;et_custom_uniqid_new_67370b4e4a2ee&#8221;][vc_single_image image=&#8221;1845&#8243; img_size=&#8221;full&#8221; alignment=&#8221;center&#8221; onclick=&#8221;custom_link&#8221; css=&#8221;&#8221;][vc_column_text css=&#8221;&#8221;]<\/p>\n<h3 style=\"text-align: center;\">Utility construction<\/h3>\n<p>[\/vc_column_text][\/vc_column][vc_column width=&#8221;1\/4&#8243; el_class=&#8221;column-two-by-two&#8221; _et_uniqid=&#8221;et_custom_uniqid_new_67370b91748ed&#8221;][vc_single_image image=&#8221;1845&#8243; img_size=&#8221;full&#8221; alignment=&#8221;center&#8221; onclick=&#8221;custom_link&#8221; css=&#8221;&#8221;][vc_column_text css=&#8221;&#8221;]<\/p>\n<h3 style=\"text-align: center;\">Road and pavement construction<\/h3>\n<p>[\/vc_column_text][\/vc_column][vc_column width=&#8221;1\/4&#8243; el_class=&#8221;column-two-by-two&#8221; _et_uniqid=&#8221;et_custom_uniqid_new_67370bb29e07f&#8221;][vc_single_image image=&#8221;1845&#8243; img_size=&#8221;full&#8221; alignment=&#8221;center&#8221; onclick=&#8221;custom_link&#8221; css=&#8221;&#8221;][vc_column_text css=&#8221;&#8221; el_class=&#8221;section-title-anchor&#8221;]<\/p>\n<h3 style=\"text-align: center;\">Landscaping<\/h3>\n<p>[\/vc_column_text][\/vc_column][\/vc_row]<\/p>\n<\/div>","protected":false},"excerpt":{"rendered":"<p>[vc_row full_width=&#8221;stretch_row&#8221; parallax=&#8221;content-moving&#8221; parallax_image=&#8221;659&#8243; parallax_speed_bg=&#8221;1.2&#8243; disable_element=&#8221;yes&#8221; _et_uniqid=&#8221;et_custom_uniqid_new_675b5bd503578&#8243;][vc_column][vc_column_text css=&#8221;.vc_custom_1733136450145{padding-top: 7% !important;padding-bottom: 18% !important;}&#8221; el_class=&#8221;padding-horizontal desktop-only&#8221;] Highlights [\/vc_column_text][vc_column_text css=&#8221;.vc_custom_1733136461369{padding-top: 7% !important;padding-bottom: 18% !important;}&#8221; el_class=&#8221;padding-horizontal phone-only&#8221;] Highlights [\/vc_column_text][\/vc_column][\/vc_row][vc_row&#8230;<\/p>\n","protected":false},"author":3,"featured_media":2635,"parent":0,"menu_order":0,"comment_status":"closed","ping_status":"closed","template":"","meta":{"footnotes":""},"class_list":["post-2648","page","type-page","status-publish","has-post-thumbnail","hentry"],"yoast_head":"<!-- This site is optimized with the Yoast SEO plugin v24.1 - https:\/\/yoast.com\/wordpress\/plugins\/seo\/ -->\n<title>Highlights - Ladanyi 95 Kft.<\/title>\n<meta name=\"robots\" content=\"index, follow, max-snippet:-1, max-image-preview:large, max-video-preview:-1\" \/>\n<link rel=\"canonical\" href=\"https:\/\/ladanyi-kivitelezes.hu\/en\/highlights\/\" \/>\n<meta property=\"og:locale\" content=\"en_US\" \/>\n<meta property=\"og:type\" content=\"article\" \/>\n<meta property=\"og:title\" content=\"Highlights - Lad\u00e1nyi &amp; Co. Ltd.\" \/>\n<meta property=\"og:description\" content=\"[vc_row full_width=&#8221;stretch_row&#8221; parallax=&#8221;content-moving&#8221; parallax_image=&#8221;659&#8243; parallax_speed_bg=&#8221;1.2&#8243; disable_element=&#8221;yes&#8221; _et_uniqid=&#8221;et_custom_uniqid_new_675b5bd503578&#8243;][vc_column][vc_column_text css=&#8221;.vc_custom_1733136450145{padding-top: 7% !important;padding-bottom: 18% !important;}&#8221; el_class=&#8221;padding-horizontal desktop-only&#8221;] Highlights [\/vc_column_text][vc_column_text css=&#8221;.vc_custom_1733136461369{padding-top: 7% !important;padding-bottom: 18% !important;}&#8221; el_class=&#8221;padding-horizontal phone-only&#8221;] Highlights [\/vc_column_text][\/vc_column][\/vc_row][vc_row...\" \/>\n<meta property=\"og:url\" content=\"https:\/\/ladanyi-kivitelezes.hu\/en\/highlights\/\" \/>\n<meta property=\"og:site_name\" content=\"Ladanyi 95 Kft.\" \/>\n<meta property=\"article:modified_time\" content=\"2025-04-04T09:29:12+00:00\" \/>\n<meta property=\"og:image\" content=\"http:\/\/ladanyi-kivitelezes.hu\/wp-content\/uploads\/2024\/12\/ladanyi-kep-1024x682.jpg\" \/>\n<meta name=\"twitter:card\" content=\"summary_large_image\" \/>\n<meta name=\"twitter:label1\" content=\"Est. reading time\" \/>\n\t<meta name=\"twitter:data1\" content=\"4 minutes\" \/>\n<script type=\"application\/ld+json\" class=\"yoast-schema-graph\">{\"@context\":\"https:\/\/schema.org\",\"@graph\":[{\"@type\":\"WebPage\",\"@id\":\"https:\/\/ladanyi-kivitelezes.hu\/en\/highlights\/\",\"url\":\"https:\/\/ladanyi-kivitelezes.hu\/en\/highlights\/\",\"name\":\"Highlights - Ladanyi 95 Kft.\",\"isPartOf\":{\"@id\":\"https:\/\/ladanyi-kivitelezes.hu\/en\/#website\"},\"primaryImageOfPage\":{\"@id\":\"https:\/\/ladanyi-kivitelezes.hu\/en\/highlights\/#primaryimage\"},\"image\":{\"@id\":\"https:\/\/ladanyi-kivitelezes.hu\/en\/highlights\/#primaryimage\"},\"thumbnailUrl\":\"https:\/\/ladanyi-kivitelezes.hu\/wp-content\/uploads\/2024\/12\/ladanyi-kep.jpg\",\"datePublished\":\"2024-11-07T15:50:27+00:00\",\"dateModified\":\"2025-04-04T09:29:12+00:00\",\"breadcrumb\":{\"@id\":\"https:\/\/ladanyi-kivitelezes.hu\/en\/highlights\/#breadcrumb\"},\"inLanguage\":\"en-US\",\"potentialAction\":[{\"@type\":\"ReadAction\",\"target\":[\"https:\/\/ladanyi-kivitelezes.hu\/en\/highlights\/\"]}]},{\"@type\":\"ImageObject\",\"inLanguage\":\"en-US\",\"@id\":\"https:\/\/ladanyi-kivitelezes.hu\/en\/highlights\/#primaryimage\",\"url\":\"https:\/\/ladanyi-kivitelezes.hu\/wp-content\/uploads\/2024\/12\/ladanyi-kep.jpg\",\"contentUrl\":\"https:\/\/ladanyi-kivitelezes.hu\/wp-content\/uploads\/2024\/12\/ladanyi-kep.jpg\",\"width\":2500,\"height\":1666},{\"@type\":\"BreadcrumbList\",\"@id\":\"https:\/\/ladanyi-kivitelezes.hu\/en\/highlights\/#breadcrumb\",\"itemListElement\":[{\"@type\":\"ListItem\",\"position\":1,\"name\":\"Home\",\"item\":\"https:\/\/ladanyi-kivitelezes.hu\/en\/\"},{\"@type\":\"ListItem\",\"position\":2,\"name\":\"Highlights\"}]},{\"@type\":\"WebSite\",\"@id\":\"https:\/\/ladanyi-kivitelezes.hu\/en\/#website\",\"url\":\"https:\/\/ladanyi-kivitelezes.hu\/en\/\",\"name\":\"Ladanyi 95 Kft.\",\"description\":\"\u00c9p\u00edt\u0151ipari projektek tervez\u00e9se \u00e9s kivitelez\u00e9se\",\"potentialAction\":[{\"@type\":\"SearchAction\",\"target\":{\"@type\":\"EntryPoint\",\"urlTemplate\":\"https:\/\/ladanyi-kivitelezes.hu\/en\/?s={search_term_string}\"},\"query-input\":{\"@type\":\"PropertyValueSpecification\",\"valueRequired\":true,\"valueName\":\"search_term_string\"}}],\"inLanguage\":\"en-US\"}]}<\/script>\n<!-- \/ Yoast SEO plugin. -->","yoast_head_json":{"title":"Highlights - Ladanyi 95 Kft.","robots":{"index":"index","follow":"follow","max-snippet":"max-snippet:-1","max-image-preview":"max-image-preview:large","max-video-preview":"max-video-preview:-1"},"canonical":"https:\/\/ladanyi-kivitelezes.hu\/en\/highlights\/","og_locale":"en_US","og_type":"article","og_title":"Highlights - Lad\u00e1nyi & Co. Ltd.","og_description":"[vc_row full_width=&#8221;stretch_row&#8221; parallax=&#8221;content-moving&#8221; parallax_image=&#8221;659&#8243; parallax_speed_bg=&#8221;1.2&#8243; disable_element=&#8221;yes&#8221; _et_uniqid=&#8221;et_custom_uniqid_new_675b5bd503578&#8243;][vc_column][vc_column_text css=&#8221;.vc_custom_1733136450145{padding-top: 7% !important;padding-bottom: 18% !important;}&#8221; el_class=&#8221;padding-horizontal desktop-only&#8221;] Highlights [\/vc_column_text][vc_column_text css=&#8221;.vc_custom_1733136461369{padding-top: 7% !important;padding-bottom: 18% !important;}&#8221; el_class=&#8221;padding-horizontal phone-only&#8221;] Highlights [\/vc_column_text][\/vc_column][\/vc_row][vc_row...","og_url":"https:\/\/ladanyi-kivitelezes.hu\/en\/highlights\/","og_site_name":"Ladanyi 95 Kft.","article_modified_time":"2025-04-04T09:29:12+00:00","og_image":[{"url":"http:\/\/ladanyi-kivitelezes.hu\/wp-content\/uploads\/2024\/12\/ladanyi-kep-1024x682.jpg","type":"","width":"","height":""}],"twitter_card":"summary_large_image","twitter_misc":{"Est. reading time":"4 minutes"},"schema":{"@context":"https:\/\/schema.org","@graph":[{"@type":"WebPage","@id":"https:\/\/ladanyi-kivitelezes.hu\/en\/highlights\/","url":"https:\/\/ladanyi-kivitelezes.hu\/en\/highlights\/","name":"Highlights - Ladanyi 95 Kft.","isPartOf":{"@id":"https:\/\/ladanyi-kivitelezes.hu\/en\/#website"},"primaryImageOfPage":{"@id":"https:\/\/ladanyi-kivitelezes.hu\/en\/highlights\/#primaryimage"},"image":{"@id":"https:\/\/ladanyi-kivitelezes.hu\/en\/highlights\/#primaryimage"},"thumbnailUrl":"https:\/\/ladanyi-kivitelezes.hu\/wp-content\/uploads\/2024\/12\/ladanyi-kep.jpg","datePublished":"2024-11-07T15:50:27+00:00","dateModified":"2025-04-04T09:29:12+00:00","breadcrumb":{"@id":"https:\/\/ladanyi-kivitelezes.hu\/en\/highlights\/#breadcrumb"},"inLanguage":"en-US","potentialAction":[{"@type":"ReadAction","target":["https:\/\/ladanyi-kivitelezes.hu\/en\/highlights\/"]}]},{"@type":"ImageObject","inLanguage":"en-US","@id":"https:\/\/ladanyi-kivitelezes.hu\/en\/highlights\/#primaryimage","url":"https:\/\/ladanyi-kivitelezes.hu\/wp-content\/uploads\/2024\/12\/ladanyi-kep.jpg","contentUrl":"https:\/\/ladanyi-kivitelezes.hu\/wp-content\/uploads\/2024\/12\/ladanyi-kep.jpg","width":2500,"height":1666},{"@type":"BreadcrumbList","@id":"https:\/\/ladanyi-kivitelezes.hu\/en\/highlights\/#breadcrumb","itemListElement":[{"@type":"ListItem","position":1,"name":"Home","item":"https:\/\/ladanyi-kivitelezes.hu\/en\/"},{"@type":"ListItem","position":2,"name":"Highlights"}]},{"@type":"WebSite","@id":"https:\/\/ladanyi-kivitelezes.hu\/en\/#website","url":"https:\/\/ladanyi-kivitelezes.hu\/en\/","name":"Ladanyi 95 Kft.","description":"\u00c9p\u00edt\u0151ipari projektek tervez\u00e9se \u00e9s kivitelez\u00e9se","potentialAction":[{"@type":"SearchAction","target":{"@type":"EntryPoint","urlTemplate":"https:\/\/ladanyi-kivitelezes.hu\/en\/?s={search_term_string}"},"query-input":{"@type":"PropertyValueSpecification","valueRequired":true,"valueName":"search_term_string"}}],"inLanguage":"en-US"}]}},"_links":{"self":[{"href":"https:\/\/ladanyi-kivitelezes.hu\/en\/wp-json\/wp\/v2\/pages\/2648","targetHints":{"allow":["GET"]}}],"collection":[{"href":"https:\/\/ladanyi-kivitelezes.hu\/en\/wp-json\/wp\/v2\/pages"}],"about":[{"href":"https:\/\/ladanyi-kivitelezes.hu\/en\/wp-json\/wp\/v2\/types\/page"}],"author":[{"embeddable":true,"href":"https:\/\/ladanyi-kivitelezes.hu\/en\/wp-json\/wp\/v2\/users\/3"}],"replies":[{"embeddable":true,"href":"https:\/\/ladanyi-kivitelezes.hu\/en\/wp-json\/wp\/v2\/comments?post=2648"}],"version-history":[{"count":7,"href":"https:\/\/ladanyi-kivitelezes.hu\/en\/wp-json\/wp\/v2\/pages\/2648\/revisions"}],"predecessor-version":[{"id":2826,"href":"https:\/\/ladanyi-kivitelezes.hu\/en\/wp-json\/wp\/v2\/pages\/2648\/revisions\/2826"}],"wp:featuredmedia":[{"embeddable":true,"href":"https:\/\/ladanyi-kivitelezes.hu\/en\/wp-json\/wp\/v2\/media\/2635"}],"wp:attachment":[{"href":"https:\/\/ladanyi-kivitelezes.hu\/en\/wp-json\/wp\/v2\/media?parent=2648"}],"curies":[{"name":"wp","href":"https:\/\/api.w.org\/{rel}","templated":true}]}}