{"id":2643,"date":"2024-11-07T15:50:47","date_gmt":"2024-11-07T15:50:47","guid":{"rendered":"https:\/\/ladanyi-kivitelezes.hu\/contact\/"},"modified":"2025-03-05T11:38:51","modified_gmt":"2025-03-05T11:38:51","slug":"contact","status":"publish","type":"page","link":"https:\/\/ladanyi-kivitelezes.hu\/en\/contact\/","title":{"rendered":"Contact"},"content":{"rendered":"<div class=\"wpb-content-wrapper\"><p>[vc_row full_width=&#8221;stretch_row&#8221; parallax=&#8221;content-moving&#8221; parallax_speed_bg=&#8221;1.8&#8243; _et_uniqid=&#8221;et_custom_uniqid_new_675b5c6f9b3ed&#8221; css=&#8221;.vc_custom_1734040691407{margin-top: 0px !important;padding-top: 0px !important;}&#8221; el_class=&#8221;slider-revolution-section&#8221;][vc_column css=&#8221;.vc_custom_1734040696962{margin-top: 0px !important;padding-top: 0px !important;}&#8221; _et_uniqid=&#8221;et_custom_uniqid_new_675b5c75dca7f&#8221;]\n\t\t\t\t<p class=\"rs-p-wp-fix\"><\/p>\n\t\t\t\t<sr7-module data-alias=\"slider-aloldalakra-1\" data-id=\"7\" id=\"SR7_7_1\" class=\"rs-ov-hidden\" data-version=\"6.7.21\">\n\t\t\t\t\t<sr7-adjuster><\/sr7-adjuster>\n\t\t\t\t\t<sr7-content>\n\t\t\t\t\t\t<sr7-slide id=\"SR7_7_1-16\" data-key=\"16\">\n\t\t\t\t\t\t<\/sr7-slide>\n\t\t\t\t\t\t<sr7-slide id=\"SR7_7_1-17\" data-key=\"17\">\n\t\t\t\t\t\t<\/sr7-slide>\n\t\t\t\t\t<\/sr7-content>\n\t\t\t\t\t<image_lists style=\"display:none\">\n\t\t\t\t\t\t<img data-src=\"\/\/ladanyi-kivitelezes.hu\/wp-content\/uploads\/2024\/12\/ladanyi-slider-kepek-01.jpg\" data-libid=\"1400\" data-lib=\"medialibrary\" title=\"ladanyi-slider-k\u00e9pek-01\" width=\"0\" height=\"0\" data-dbsrc=\"Ly9sYWRhbnlpLWtpdml0ZWxlemVzLmh1L3dwLWNvbnRlbnQvdXBsb2Fkcy8yMDI0LzEyL2xhZGFueWktc2xpZGVyLWtlcGVrLTAxLmpwZw==\"\/>\n\t\t\t\t\t\t<img data-src=\"\/\/ladanyi-kivitelezes.hu\/wp-content\/uploads\/2024\/12\/ladanyi-slider-kepek-02.jpg\" data-libid=\"1401\" data-lib=\"medialibrary\" title=\"ladanyi-slider-k\u00e9pek-02\" width=\"0\" height=\"0\" data-dbsrc=\"Ly9sYWRhbnlpLWtpdml0ZWxlemVzLmh1L3dwLWNvbnRlbnQvdXBsb2Fkcy8yMDI0LzEyL2xhZGFueWktc2xpZGVyLWtlcGVrLTAyLmpwZw==\"\/>\n\t\t\t\t\t\t<img data-src=\"\/\/ladanyi-kivitelezes.hu\/wp-content\/uploads\/2024\/12\/ladanyi-slider-kepek-03.jpg\" data-libid=\"1402\" data-lib=\"medialibrary\" title=\"ladanyi-slider-k\u00e9pek-03\" width=\"0\" height=\"0\" data-dbsrc=\"Ly9sYWRhbnlpLWtpdml0ZWxlemVzLmh1L3dwLWNvbnRlbnQvdXBsb2Fkcy8yMDI0LzEyL2xhZGFueWktc2xpZGVyLWtlcGVrLTAzLmpwZw==\"\/>\n\t\t\t\t\t\t<img data-src=\"\/\/ladanyi-kivitelezes.hu\/wp-content\/uploads\/2024\/12\/ladanyi-slider-kepek-04.jpg\" data-libid=\"1403\" data-lib=\"medialibrary\" title=\"ladanyi-slider-k\u00e9pek-04\" width=\"0\" height=\"0\" data-dbsrc=\"Ly9sYWRhbnlpLWtpdml0ZWxlemVzLmh1L3dwLWNvbnRlbnQvdXBsb2Fkcy8yMDI0LzEyL2xhZGFueWktc2xpZGVyLWtlcGVrLTA0LmpwZw==\"\/>\n\t\t\t\t\t<\/image_lists>\n\t\t\t\t<\/sr7-module>\n\t\t\t\t<script>\n\t\t\t\t\tSR7.PMH ??={}; SR7.PMH[\"SR7_7_1\"] = {cn:0,state:false,fn: function() { if (_tpt!==undefined && _tpt.prepareModuleHeight !== undefined) {  _tpt.prepareModuleHeight({id:\"SR7_7_1\",el:[600,600,600,600,250],type:'standard',shdw:'0',gh:[600,600,600,600,250],gw:[1240,1240,1240,1240,480],vpt:['-100px&#039;,&#039;-100px&#039;,&#039;-100px&#039;,&#039;-100px&#039;,&#039;-100px'],size:{fullWidth:true, fullHeight:false},mh:'0',onh:0,onw:0,bg:{color:'{\"orig\":\"transparent\",\"type\":\"solid\",\"string\":\"transparent\"}'}});   SR7.PMH[\"SR7_7_1\"].state=true;} else if((SR7.PMH[\"SR7_7_1\"].cn++)<100)\tsetTimeout( SR7.PMH[\"SR7_7_1\"].fn,19);}};SR7.PMH[\"SR7_7_1\" ].fn();\n\t\t\t\t<\/script>\n[vc_column_text css=&#8221;.vc_custom_1734690083197{padding-top: 0% !important;padding-bottom: 10% !important;}&#8221; el_class=&#8221;padding-horizontal phone-only main-section-title-box&#8221;]<\/p>\n<h1><span style=\"color: #ffffff; font-size: 36px;\">Contact<\/span><\/h1>\n<p>[\/vc_column_text][\/vc_column][\/vc_row][vc_row full_width=&#8221;stretch_row&#8221; content_placement=&#8221;top&#8221; parallax=&#8221;content-moving&#8221; parallax_speed_bg=&#8221;1.8&#8243; _et_uniqid=&#8221;et_custom_uniqid_new_675b5b0c24e75&#8243; css=&#8221;.vc_custom_1734040333682{margin-top: -40px !important;}&#8221; el_class=&#8221;main-section-title&#8221;][vc_column][vc_column_text css=&#8221;.vc_custom_1734040033745{padding-top: 7% !important;padding-bottom: 18% !important;}&#8221; el_class=&#8221;padding-horizontal desktop-only&#8221;]<\/p>\n<h1><span style=\"color: #ffffff; font-size: 60px;\">Contact<\/span><\/h1>\n<p>[\/vc_column_text][\/vc_column][\/vc_row][vc_row full_width=&#8221;stretch_row&#8221; parallax=&#8221;content-moving&#8221; parallax_image=&#8221;663&#8243; parallax_speed_bg=&#8221;1.8&#8243; disable_element=&#8221;yes&#8221; _et_uniqid=&#8221;et_custom_uniqid_new_675b5939a10a4&#8243;][vc_column]\n\t\t\t\t<p class=\"rs-p-wp-fix\"><\/p>\n\t\t\t\t<sr7-module data-alias=\"kezdolap-slider-responsive-1\" data-id=\"6\" id=\"SR7_6_2\" class=\"rs-ov-hidden\" data-version=\"6.7.21\">\n\t\t\t\t\t<sr7-adjuster><\/sr7-adjuster>\n\t\t\t\t\t<sr7-content>\n\t\t\t\t\t\t<sr7-slide id=\"SR7_6_2-14\" data-key=\"14\">\n\t\t\t\t\t\t<\/sr7-slide>\n\t\t\t\t\t\t<sr7-slide id=\"SR7_6_2-15\" data-key=\"15\">\n\t\t\t\t\t\t<\/sr7-slide>\n\t\t\t\t\t<\/sr7-content>\n\t\t\t\t\t<image_lists style=\"display:none\">\n\t\t\t\t\t\t<img data-src=\"\/\/ladanyi-kivitelezes.hu\/wp-content\/uploads\/2024\/12\/ladanyi-slider-kepek-01.jpg\" data-libid=\"1400\" data-lib=\"medialibrary\" title=\"ladanyi-slider-k\u00e9pek-01\" width=\"0\" height=\"0\" data-dbsrc=\"Ly9sYWRhbnlpLWtpdml0ZWxlemVzLmh1L3dwLWNvbnRlbnQvdXBsb2Fkcy8yMDI0LzEyL2xhZGFueWktc2xpZGVyLWtlcGVrLTAxLmpwZw==\"\/>\n\t\t\t\t\t\t<img data-src=\"\/\/ladanyi-kivitelezes.hu\/wp-content\/uploads\/2024\/12\/ladanyi-slider-kepek-02.jpg\" data-libid=\"1401\" data-lib=\"medialibrary\" title=\"ladanyi-slider-k\u00e9pek-02\" width=\"0\" height=\"0\" data-dbsrc=\"Ly9sYWRhbnlpLWtpdml0ZWxlemVzLmh1L3dwLWNvbnRlbnQvdXBsb2Fkcy8yMDI0LzEyL2xhZGFueWktc2xpZGVyLWtlcGVrLTAyLmpwZw==\"\/>\n\t\t\t\t\t\t<img data-src=\"\/\/ladanyi-kivitelezes.hu\/wp-content\/uploads\/2024\/12\/ladanyi-slider-kepek-03.jpg\" data-libid=\"1402\" data-lib=\"medialibrary\" title=\"ladanyi-slider-k\u00e9pek-03\" width=\"0\" height=\"0\" data-dbsrc=\"Ly9sYWRhbnlpLWtpdml0ZWxlemVzLmh1L3dwLWNvbnRlbnQvdXBsb2Fkcy8yMDI0LzEyL2xhZGFueWktc2xpZGVyLWtlcGVrLTAzLmpwZw==\"\/>\n\t\t\t\t\t\t<img data-src=\"\/\/ladanyi-kivitelezes.hu\/wp-content\/uploads\/2024\/12\/ladanyi-slider-kepek-04.jpg\" data-libid=\"1403\" data-lib=\"medialibrary\" title=\"ladanyi-slider-k\u00e9pek-04\" width=\"0\" height=\"0\" data-dbsrc=\"Ly9sYWRhbnlpLWtpdml0ZWxlemVzLmh1L3dwLWNvbnRlbnQvdXBsb2Fkcy8yMDI0LzEyL2xhZGFueWktc2xpZGVyLWtlcGVrLTA0LmpwZw==\"\/>\n\t\t\t\t\t<\/image_lists>\n\t\t\t\t<\/sr7-module>\n\t\t\t\t<script>\n\t\t\t\t\tSR7.PMH ??={}; SR7.PMH[\"SR7_6_2\"] = {cn:0,state:false,fn: function() { if (_tpt!==undefined && _tpt.prepareModuleHeight !== undefined) {  _tpt.prepareModuleHeight({id:\"SR7_6_2\",el:[600,600,600,600,250],type:'standard',shdw:'0',gh:[600,600,600,600,250],gw:[1240,1240,1240,1240,480],vpt:['-100px&#039;,&#039;-100px&#039;,&#039;-100px&#039;,&#039;-100px&#039;,&#039;-100px'],size:{fullWidth:true, fullHeight:false},mh:'0',onh:0,onw:0,bg:{color:'{\"orig\":\"transparent\",\"type\":\"solid\",\"string\":\"transparent\"}'}});   SR7.PMH[\"SR7_6_2\"].state=true;} else if((SR7.PMH[\"SR7_6_2\"].cn++)<100)\tsetTimeout( SR7.PMH[\"SR7_6_2\"].fn,19);}};SR7.PMH[\"SR7_6_2\" ].fn();\n\t\t\t\t<\/script>\n[vc_column_text css=&#8221;.vc_custom_1733136283908{padding-top: 7% !important;padding-bottom: 18% !important;}&#8221; el_class=&#8221;padding-horizontal desktop-only&#8221;]<\/p>\n<h1><span style=\"color: #ffffff; font-size: 60px;\">Contact<\/span><\/h1>\n<p>[\/vc_column_text][vc_column_text css=&#8221;.vc_custom_1733136301353{padding-top: 7% !important;padding-bottom: 18% !important;}&#8221; el_class=&#8221;padding-horizontal phone-only&#8221;]<\/p>\n<h1><span style=\"color: #ffffff; font-size: 36px;\">Contact<\/span><\/h1>\n<p>[\/vc_column_text][\/vc_column][\/vc_row][vc_row css=&#8221;.vc_custom_1734689595616{padding-bottom: 30px !important;}&#8221; _et_uniqid=&#8221;et_custom_uniqid_new_67654338bd34c&#8221; el_class=&#8221;padding-horizontal&#8221;][vc_column][vc_column_text css=&#8221;&#8221; el_class=&#8221;desktop-only&#8221;]<span style=\"font-weight: 400; color: #04265d; font-size: 32px;\"><strong>Company name: <\/strong>Lad\u00e1nyi &amp; Co. Building Services and Specialized Construction Services Ltd.<\/span><\/p>\n<p><span style=\"font-weight: 400; color: #04265d; font-size: 32px;\"><strong>Headquarters:<\/strong> <a href=\"https:\/\/www.google.com\/maps\/place\/Budapest,+J%C3%A1szber%C3%A9nyi+%C3%BAt+13a,+1106\/@47.4895492,19.1443613,17z\/data=!3m1!4b1!4m6!3m5!1s0x4741c34f6d663c83:0x6e44b25d5818979d!8m2!3d47.4895492!4d19.1469362!16s%2Fg%2F11l5d8c5r7?entry=ttu&amp;g_ep=EgoyMDI1MDIxMS4wIKXMDSoASAFQAw%3D%3D\">13\/a J\u00e1szber\u00e9nyi Street, Budapest, District 10 <\/a>.<\/span><\/p>\n<p><span style=\"font-weight: 400; color: #04265d; font-size: 32px;\"><strong>Mailing address:<\/strong> <a href=\"https:\/\/www.google.com\/maps\/place\/Budapest,+J%C3%A1szber%C3%A9nyi+%C3%BAt+13a,+1106\/@47.4895492,19.1443613,17z\/data=!3m1!4b1!4m6!3m5!1s0x4741c34f6d663c83:0x6e44b25d5818979d!8m2!3d47.4895492!4d19.1469362!16s%2Fg%2F11l5d8c5r7?entry=ttu&amp;g_ep=EgoyMDI1MDIxMS4wIKXMDSoASAFQAw%3D%3D\">13\/a J\u00e1szber\u00e9nyi Street, Budapest, District 10 <\/a><\/span><\/p>\n<p style=\"font-weight: 400; color: #04265d; font-size: 32px;\"><strong>Phone\/Fax:<\/strong> <a href=\"tel:+3612651550\">+36 1 265 1550<\/a><\/p>\n<p><span style=\"font-weight: 400; color: #04265d; font-size: 32px;\"><strong>E-mail:<\/strong> <a href=\"mailto:ladanyi@ladanyikft95.hu\">ladanyi@ladanyikft95.hu<\/a> <\/span><\/p>\n<p><span style=\"font-weight: 400; color: #04265d; font-size: 32px;\"><strong>Executive Director:<\/strong> J\u00f3zsef Vucskics<\/span><\/p>\n<p><span style=\"font-weight: 400; color: #04265d; font-size: 32px;\"><strong>Company registration number:<\/strong> 01-09-463682<\/span><\/p>\n<p><span style=\"font-weight: 400; color: #04265d; font-size: 32px;\"><strong>Tax ID:<\/strong> 12076563-2-42<\/span>[\/vc_column_text][vc_column_text css=&#8221;.vc_custom_1740993075655{padding-top: 50px !important;}&#8221; el_class=&#8221;phone-only&#8221;]<span style=\"font-weight: 400; color: #04265d; font-size: 18px;\"><strong>Company name: <\/strong>Lad\u00e1nyi &amp; Co. Building Services and Specialized Construction Services Ltd.<\/span><\/p>\n<p><span style=\"font-weight: 400; color: #04265d; font-size: 18px;\"><strong>Headquarters:<br \/>\n<\/strong><a href=\"https:\/\/www.google.com\/maps\/place\/Budapest,+J%C3%A1szber%C3%A9nyi+%C3%BAt+13a,+1106\/@47.4895492,19.1443613,17z\/data=!3m1!4b1!4m6!3m5!1s0x4741c34f6d663c83:0x6e44b25d5818979d!8m2!3d47.4895492!4d19.1469362!16s%2Fg%2F11l5d8c5r7?entry=ttu&amp;g_ep=EgoyMDI1MDIxMS4wIKXMDSoASAFQAw%3D%3D\">13\/a J\u00e1szber\u00e9nyi Street, Budapest, District 10 <\/a><\/span><\/p>\n<p><span style=\"font-weight: 400; color: #04265d; font-size: 18px;\"><strong>Mailing address:<br \/>\n<\/strong><a href=\"https:\/\/www.google.com\/maps\/place\/Budapest,+J%C3%A1szber%C3%A9nyi+%C3%BAt+13a,+1106\/@47.4895492,19.1443613,17z\/data=!3m1!4b1!4m6!3m5!1s0x4741c34f6d663c83:0x6e44b25d5818979d!8m2!3d47.4895492!4d19.1469362!16s%2Fg%2F11l5d8c5r7?entry=ttu&amp;g_ep=EgoyMDI1MDIxMS4wIKXMDSoASAFQAw%3D%3D\">13\/a J\u00e1szber\u00e9nyi Street, Budapest, District 10 <\/a><\/span><\/p>\n<p><span style=\"font-weight: 400; color: #04265d; font-size: 18px;\"><strong>Phone\/Fax:<br \/>\n<\/strong><\/span><span style=\"font-weight: 400; color: #04265d; font-size: 18px;\"><a href=\"tel:+3612651550\">+36 1 265 1550<\/a><\/span><\/p>\n<p><span style=\"font-weight: 400; color: #04265d; font-size: 18px;\"><strong>E-mail:<br \/>\n<\/strong><a href=\"mailto:ladanyi@ladanyikft95.hu\">ladanyi@ladanyikft95.hu <\/a> <\/span><\/p>\n<p><span style=\"font-weight: 400; color: #04265d; font-size: 18px;\"><strong>Executive Director: <\/strong>J\u00f3zsef Vucskics<\/span><\/p>\n<p><span style=\"font-weight: 400; color: #04265d; font-size: 18px;\"><strong>Company registration number:<br \/>\n<\/strong>01-09-463682<\/span><\/p>\n<p><span style=\"font-weight: 400; color: #04265d; font-size: 18px;\"><strong>Tax ID:<br \/>\n<\/strong>12076563-2-42<\/span>[\/vc_column_text][\/vc_column][\/vc_row]<\/p>\n<\/div>","protected":false},"excerpt":{"rendered":"<p>[vc_row full_width=&#8221;stretch_row&#8221; parallax=&#8221;content-moving&#8221; parallax_speed_bg=&#8221;1.8&#8243; _et_uniqid=&#8221;et_custom_uniqid_new_675b5c6f9b3ed&#8221; css=&#8221;.vc_custom_1734040691407{margin-top: 0px !important;padding-top: 0px !important;}&#8221; el_class=&#8221;slider-revolution-section&#8221;][vc_column css=&#8221;.vc_custom_1734040696962{margin-top: 0px !important;padding-top: 0px !important;}&#8221; _et_uniqid=&#8221;et_custom_uniqid_new_675b5c75dca7f&#8221;][vc_column_text css=&#8221;.vc_custom_1734690083197{padding-top: 0% !important;padding-bottom: 10% !important;}&#8221; el_class=&#8221;padding-horizontal phone-only main-section-title-box&#8221;]&#8230;<\/p>\n","protected":false},"author":3,"featured_media":2635,"parent":0,"menu_order":0,"comment_status":"closed","ping_status":"closed","template":"","meta":{"footnotes":""},"class_list":["post-2643","page","type-page","status-publish","has-post-thumbnail","hentry"],"yoast_head":"<!-- This site is optimized with the Yoast SEO plugin v24.1 - https:\/\/yoast.com\/wordpress\/plugins\/seo\/ -->\n<title>Contact - Ladanyi 95 Kft.<\/title>\n<meta name=\"robots\" content=\"index, follow, max-snippet:-1, max-image-preview:large, max-video-preview:-1\" \/>\n<link rel=\"canonical\" href=\"https:\/\/ladanyi-kivitelezes.hu\/en\/contact\/\" \/>\n<meta property=\"og:locale\" content=\"en_US\" \/>\n<meta property=\"og:type\" content=\"article\" \/>\n<meta property=\"og:title\" content=\"Contact - Lad\u00e1nyi and Partners Ltd.\" \/>\n<meta property=\"og:description\" content=\"[vc_row full_width=&#8221;stretch_row&#8221; parallax=&#8221;content-moving&#8221; parallax_speed_bg=&#8221;1.8&#8243; _et_uniqid=&#8221;et_custom_uniqid_new_675b5c6f9b3ed&#8221; css=&#8221;.vc_custom_1734040691407{margin-top: 0px !important;padding-top: 0px !important;}&#8221; el_class=&#8221;slider-revolution-section&#8221;][vc_column css=&#8221;.vc_custom_1734040696962{margin-top: 0px !important;padding-top: 0px !important;}&#8221; _et_uniqid=&#8221;et_custom_uniqid_new_675b5c75dca7f&#8221;][vc_column_text css=&#8221;.vc_custom_1734690083197{padding-top: 0% !important;padding-bottom: 10% !important;}&#8221; el_class=&#8221;padding-horizontal phone-only main-section-title-box&#8221;]...\" \/>\n<meta property=\"og:url\" content=\"https:\/\/ladanyi-kivitelezes.hu\/en\/contact\/\" \/>\n<meta property=\"og:site_name\" content=\"Ladanyi 95 Kft.\" \/>\n<meta property=\"article:modified_time\" content=\"2025-03-05T11:38:51+00:00\" \/>\n<meta property=\"og:image\" content=\"http:\/\/ladanyi-kivitelezes.hu\/wp-content\/uploads\/2024\/12\/ladanyi-kep-1024x682.jpg\" \/>\n<meta name=\"twitter:card\" content=\"summary_large_image\" \/>\n<meta name=\"twitter:label1\" content=\"Est. reading time\" \/>\n\t<meta name=\"twitter:data1\" content=\"2 minutes\" \/>\n<script type=\"application\/ld+json\" class=\"yoast-schema-graph\">{\"@context\":\"https:\/\/schema.org\",\"@graph\":[{\"@type\":\"WebPage\",\"@id\":\"https:\/\/ladanyi-kivitelezes.hu\/en\/contact\/\",\"url\":\"https:\/\/ladanyi-kivitelezes.hu\/en\/contact\/\",\"name\":\"Contact - Ladanyi 95 Kft.\",\"isPartOf\":{\"@id\":\"https:\/\/ladanyi-kivitelezes.hu\/en\/#website\"},\"primaryImageOfPage\":{\"@id\":\"https:\/\/ladanyi-kivitelezes.hu\/en\/contact\/#primaryimage\"},\"image\":{\"@id\":\"https:\/\/ladanyi-kivitelezes.hu\/en\/contact\/#primaryimage\"},\"thumbnailUrl\":\"https:\/\/ladanyi-kivitelezes.hu\/wp-content\/uploads\/2024\/12\/ladanyi-kep.jpg\",\"datePublished\":\"2024-11-07T15:50:47+00:00\",\"dateModified\":\"2025-03-05T11:38:51+00:00\",\"breadcrumb\":{\"@id\":\"https:\/\/ladanyi-kivitelezes.hu\/en\/contact\/#breadcrumb\"},\"inLanguage\":\"en-US\",\"potentialAction\":[{\"@type\":\"ReadAction\",\"target\":[\"https:\/\/ladanyi-kivitelezes.hu\/en\/contact\/\"]}]},{\"@type\":\"ImageObject\",\"inLanguage\":\"en-US\",\"@id\":\"https:\/\/ladanyi-kivitelezes.hu\/en\/contact\/#primaryimage\",\"url\":\"https:\/\/ladanyi-kivitelezes.hu\/wp-content\/uploads\/2024\/12\/ladanyi-kep.jpg\",\"contentUrl\":\"https:\/\/ladanyi-kivitelezes.hu\/wp-content\/uploads\/2024\/12\/ladanyi-kep.jpg\",\"width\":2500,\"height\":1666},{\"@type\":\"BreadcrumbList\",\"@id\":\"https:\/\/ladanyi-kivitelezes.hu\/en\/contact\/#breadcrumb\",\"itemListElement\":[{\"@type\":\"ListItem\",\"position\":1,\"name\":\"Home\",\"item\":\"https:\/\/ladanyi-kivitelezes.hu\/en\/\"},{\"@type\":\"ListItem\",\"position\":2,\"name\":\"Contact\"}]},{\"@type\":\"WebSite\",\"@id\":\"https:\/\/ladanyi-kivitelezes.hu\/en\/#website\",\"url\":\"https:\/\/ladanyi-kivitelezes.hu\/en\/\",\"name\":\"Ladanyi 95 Kft.\",\"description\":\"\u00c9p\u00edt\u0151ipari projektek tervez\u00e9se \u00e9s kivitelez\u00e9se\",\"potentialAction\":[{\"@type\":\"SearchAction\",\"target\":{\"@type\":\"EntryPoint\",\"urlTemplate\":\"https:\/\/ladanyi-kivitelezes.hu\/en\/?s={search_term_string}\"},\"query-input\":{\"@type\":\"PropertyValueSpecification\",\"valueRequired\":true,\"valueName\":\"search_term_string\"}}],\"inLanguage\":\"en-US\"}]}<\/script>\n<!-- \/ Yoast SEO plugin. -->","yoast_head_json":{"title":"Contact - Ladanyi 95 Kft.","robots":{"index":"index","follow":"follow","max-snippet":"max-snippet:-1","max-image-preview":"max-image-preview:large","max-video-preview":"max-video-preview:-1"},"canonical":"https:\/\/ladanyi-kivitelezes.hu\/en\/contact\/","og_locale":"en_US","og_type":"article","og_title":"Contact - Lad\u00e1nyi and Partners Ltd.","og_description":"[vc_row full_width=&#8221;stretch_row&#8221; parallax=&#8221;content-moving&#8221; parallax_speed_bg=&#8221;1.8&#8243; _et_uniqid=&#8221;et_custom_uniqid_new_675b5c6f9b3ed&#8221; css=&#8221;.vc_custom_1734040691407{margin-top: 0px !important;padding-top: 0px !important;}&#8221; el_class=&#8221;slider-revolution-section&#8221;][vc_column css=&#8221;.vc_custom_1734040696962{margin-top: 0px !important;padding-top: 0px !important;}&#8221; _et_uniqid=&#8221;et_custom_uniqid_new_675b5c75dca7f&#8221;][vc_column_text css=&#8221;.vc_custom_1734690083197{padding-top: 0% !important;padding-bottom: 10% !important;}&#8221; el_class=&#8221;padding-horizontal phone-only main-section-title-box&#8221;]...","og_url":"https:\/\/ladanyi-kivitelezes.hu\/en\/contact\/","og_site_name":"Ladanyi 95 Kft.","article_modified_time":"2025-03-05T11:38:51+00:00","og_image":[{"url":"http:\/\/ladanyi-kivitelezes.hu\/wp-content\/uploads\/2024\/12\/ladanyi-kep-1024x682.jpg","type":"","width":"","height":""}],"twitter_card":"summary_large_image","twitter_misc":{"Est. reading time":"2 minutes"},"schema":{"@context":"https:\/\/schema.org","@graph":[{"@type":"WebPage","@id":"https:\/\/ladanyi-kivitelezes.hu\/en\/contact\/","url":"https:\/\/ladanyi-kivitelezes.hu\/en\/contact\/","name":"Contact - Ladanyi 95 Kft.","isPartOf":{"@id":"https:\/\/ladanyi-kivitelezes.hu\/en\/#website"},"primaryImageOfPage":{"@id":"https:\/\/ladanyi-kivitelezes.hu\/en\/contact\/#primaryimage"},"image":{"@id":"https:\/\/ladanyi-kivitelezes.hu\/en\/contact\/#primaryimage"},"thumbnailUrl":"https:\/\/ladanyi-kivitelezes.hu\/wp-content\/uploads\/2024\/12\/ladanyi-kep.jpg","datePublished":"2024-11-07T15:50:47+00:00","dateModified":"2025-03-05T11:38:51+00:00","breadcrumb":{"@id":"https:\/\/ladanyi-kivitelezes.hu\/en\/contact\/#breadcrumb"},"inLanguage":"en-US","potentialAction":[{"@type":"ReadAction","target":["https:\/\/ladanyi-kivitelezes.hu\/en\/contact\/"]}]},{"@type":"ImageObject","inLanguage":"en-US","@id":"https:\/\/ladanyi-kivitelezes.hu\/en\/contact\/#primaryimage","url":"https:\/\/ladanyi-kivitelezes.hu\/wp-content\/uploads\/2024\/12\/ladanyi-kep.jpg","contentUrl":"https:\/\/ladanyi-kivitelezes.hu\/wp-content\/uploads\/2024\/12\/ladanyi-kep.jpg","width":2500,"height":1666},{"@type":"BreadcrumbList","@id":"https:\/\/ladanyi-kivitelezes.hu\/en\/contact\/#breadcrumb","itemListElement":[{"@type":"ListItem","position":1,"name":"Home","item":"https:\/\/ladanyi-kivitelezes.hu\/en\/"},{"@type":"ListItem","position":2,"name":"Contact"}]},{"@type":"WebSite","@id":"https:\/\/ladanyi-kivitelezes.hu\/en\/#website","url":"https:\/\/ladanyi-kivitelezes.hu\/en\/","name":"Ladanyi 95 Kft.","description":"\u00c9p\u00edt\u0151ipari projektek tervez\u00e9se \u00e9s kivitelez\u00e9se","potentialAction":[{"@type":"SearchAction","target":{"@type":"EntryPoint","urlTemplate":"https:\/\/ladanyi-kivitelezes.hu\/en\/?s={search_term_string}"},"query-input":{"@type":"PropertyValueSpecification","valueRequired":true,"valueName":"search_term_string"}}],"inLanguage":"en-US"}]}},"_links":{"self":[{"href":"https:\/\/ladanyi-kivitelezes.hu\/en\/wp-json\/wp\/v2\/pages\/2643","targetHints":{"allow":["GET"]}}],"collection":[{"href":"https:\/\/ladanyi-kivitelezes.hu\/en\/wp-json\/wp\/v2\/pages"}],"about":[{"href":"https:\/\/ladanyi-kivitelezes.hu\/en\/wp-json\/wp\/v2\/types\/page"}],"author":[{"embeddable":true,"href":"https:\/\/ladanyi-kivitelezes.hu\/en\/wp-json\/wp\/v2\/users\/3"}],"replies":[{"embeddable":true,"href":"https:\/\/ladanyi-kivitelezes.hu\/en\/wp-json\/wp\/v2\/comments?post=2643"}],"version-history":[{"count":10,"href":"https:\/\/ladanyi-kivitelezes.hu\/en\/wp-json\/wp\/v2\/pages\/2643\/revisions"}],"predecessor-version":[{"id":2763,"href":"https:\/\/ladanyi-kivitelezes.hu\/en\/wp-json\/wp\/v2\/pages\/2643\/revisions\/2763"}],"wp:featuredmedia":[{"embeddable":true,"href":"https:\/\/ladanyi-kivitelezes.hu\/en\/wp-json\/wp\/v2\/media\/2635"}],"wp:attachment":[{"href":"https:\/\/ladanyi-kivitelezes.hu\/en\/wp-json\/wp\/v2\/media?parent=2643"}],"curies":[{"name":"wp","href":"https:\/\/api.w.org\/{rel}","templated":true}]}}