{"id":2640,"date":"2024-11-07T15:50:31","date_gmt":"2024-11-07T15:50:31","guid":{"rendered":"https:\/\/ladanyi-kivitelezes.hu\/projects\/"},"modified":"2025-04-04T09:27:04","modified_gmt":"2025-04-04T09:27:04","slug":"projects","status":"publish","type":"page","link":"https:\/\/ladanyi-kivitelezes.hu\/en\/projects\/","title":{"rendered":"Projects"},"content":{"rendered":"<div class=\"wpb-content-wrapper\"><p>[vc_row full_width=&#8221;stretch_row&#8221; parallax=&#8221;content-moving&#8221; parallax_image=&#8221;657&#8243; parallax_speed_bg=&#8221;1.8&#8243; disable_element=&#8221;yes&#8221; _et_uniqid=&#8221;et_custom_uniqid_new_675b5bcf0a2c1&#8243;][vc_column][vc_column_text css=&#8221;.vc_custom_1733136432137{padding-top: 7% !important;padding-bottom: 18% !important;}&#8221; el_class=&#8221;padding-horizontal desktop-only&#8221;]<\/p>\n<h1><span style=\"color: #ffffff; font-size: 60px;\">Projects<\/span><\/h1>\n<p>[\/vc_column_text][vc_column_text css=&#8221;.vc_custom_1733136441874{padding-top: 7% !important;padding-bottom: 18% !important;}&#8221; el_class=&#8221;padding-horizontal phone-only&#8221;]<\/p>\n<h1><span style=\"color: #ffffff; font-size: 36px;\">Projects<\/span><\/h1>\n<p>[\/vc_column_text][\/vc_column][\/vc_row][vc_row full_width=&#8221;stretch_row&#8221; parallax=&#8221;content-moving&#8221; parallax_speed_bg=&#8221;1.8&#8243; _et_uniqid=&#8221;et_custom_uniqid_new_675b5cbc1e924&#8243; css=&#8221;.vc_custom_1734040768405{margin-top: 0px !important;padding-top: 0px !important;}&#8221; el_class=&#8221;slider-revolution-section&#8221;][vc_column css=&#8221;.vc_custom_1734040772916{margin-top: 0px !important;padding-top: 0px !important;}&#8221; _et_uniqid=&#8221;et_custom_uniqid_new_675b5cc180a1d&#8221;]\n\t\t\t\t<p class=\"rs-p-wp-fix\"><\/p>\n\t\t\t\t<sr7-module data-alias=\"slider-aloldalakra-1\" data-id=\"7\" id=\"SR7_7_1\" class=\"rs-ov-hidden\" data-version=\"6.7.21\">\n\t\t\t\t\t<sr7-adjuster><\/sr7-adjuster>\n\t\t\t\t\t<sr7-content>\n\t\t\t\t\t\t<sr7-slide id=\"SR7_7_1-16\" data-key=\"16\">\n\t\t\t\t\t\t<\/sr7-slide>\n\t\t\t\t\t\t<sr7-slide id=\"SR7_7_1-17\" data-key=\"17\">\n\t\t\t\t\t\t<\/sr7-slide>\n\t\t\t\t\t<\/sr7-content>\n\t\t\t\t\t<image_lists style=\"display:none\">\n\t\t\t\t\t\t<img data-src=\"\/\/ladanyi-kivitelezes.hu\/wp-content\/uploads\/2024\/12\/ladanyi-slider-kepek-01.jpg\" data-libid=\"1400\" data-lib=\"medialibrary\" title=\"ladanyi-slider-k\u00e9pek-01\" width=\"0\" height=\"0\" data-dbsrc=\"Ly9sYWRhbnlpLWtpdml0ZWxlemVzLmh1L3dwLWNvbnRlbnQvdXBsb2Fkcy8yMDI0LzEyL2xhZGFueWktc2xpZGVyLWtlcGVrLTAxLmpwZw==\"\/>\n\t\t\t\t\t\t<img data-src=\"\/\/ladanyi-kivitelezes.hu\/wp-content\/uploads\/2024\/12\/ladanyi-slider-kepek-02.jpg\" data-libid=\"1401\" data-lib=\"medialibrary\" title=\"ladanyi-slider-k\u00e9pek-02\" width=\"0\" height=\"0\" data-dbsrc=\"Ly9sYWRhbnlpLWtpdml0ZWxlemVzLmh1L3dwLWNvbnRlbnQvdXBsb2Fkcy8yMDI0LzEyL2xhZGFueWktc2xpZGVyLWtlcGVrLTAyLmpwZw==\"\/>\n\t\t\t\t\t\t<img data-src=\"\/\/ladanyi-kivitelezes.hu\/wp-content\/uploads\/2024\/12\/ladanyi-slider-kepek-03.jpg\" data-libid=\"1402\" data-lib=\"medialibrary\" title=\"ladanyi-slider-k\u00e9pek-03\" width=\"0\" height=\"0\" data-dbsrc=\"Ly9sYWRhbnlpLWtpdml0ZWxlemVzLmh1L3dwLWNvbnRlbnQvdXBsb2Fkcy8yMDI0LzEyL2xhZGFueWktc2xpZGVyLWtlcGVrLTAzLmpwZw==\"\/>\n\t\t\t\t\t\t<img data-src=\"\/\/ladanyi-kivitelezes.hu\/wp-content\/uploads\/2024\/12\/ladanyi-slider-kepek-04.jpg\" data-libid=\"1403\" data-lib=\"medialibrary\" title=\"ladanyi-slider-k\u00e9pek-04\" width=\"0\" height=\"0\" data-dbsrc=\"Ly9sYWRhbnlpLWtpdml0ZWxlemVzLmh1L3dwLWNvbnRlbnQvdXBsb2Fkcy8yMDI0LzEyL2xhZGFueWktc2xpZGVyLWtlcGVrLTA0LmpwZw==\"\/>\n\t\t\t\t\t<\/image_lists>\n\t\t\t\t<\/sr7-module>\n\t\t\t\t<script>\n\t\t\t\t\tSR7.PMH ??={}; SR7.PMH[\"SR7_7_1\"] = {cn:0,state:false,fn: function() { if (_tpt!==undefined && _tpt.prepareModuleHeight !== undefined) {  _tpt.prepareModuleHeight({id:\"SR7_7_1\",el:[600,600,600,600,250],type:'standard',shdw:'0',gh:[600,600,600,600,250],gw:[1240,1240,1240,1240,480],vpt:['-100px&#039;,&#039;-100px&#039;,&#039;-100px&#039;,&#039;-100px&#039;,&#039;-100px'],size:{fullWidth:true, fullHeight:false},mh:'0',onh:0,onw:0,bg:{color:'{\"orig\":\"transparent\",\"type\":\"solid\",\"string\":\"transparent\"}'}});   SR7.PMH[\"SR7_7_1\"].state=true;} else if((SR7.PMH[\"SR7_7_1\"].cn++)<100)\tsetTimeout( SR7.PMH[\"SR7_7_1\"].fn,19);}};SR7.PMH[\"SR7_7_1\" ].fn();\n\t\t\t\t<\/script>\n[vc_column_text css=&#8221;.vc_custom_1734690081231{padding-top: 0% !important;padding-bottom: 10% !important;}&#8221; el_class=&#8221;padding-horizontal phone-only main-section-title-box&#8221;]<\/p>\n<h1><span style=\"color: #ffffff; font-size: 36px; z-index: 100 !important;\">Projects<\/span><\/h1>\n<p>[\/vc_column_text][\/vc_column][\/vc_row][vc_row full_width=&#8221;stretch_row&#8221; content_placement=&#8221;top&#8221; parallax=&#8221;content-moving&#8221; parallax_speed_bg=&#8221;1.8&#8243; _et_uniqid=&#8221;et_custom_uniqid_new_67647f442ded4&#8243; el_class=&#8221;main-section-title&#8221;][vc_column][vc_column_text css=&#8221;.vc_custom_1734040595094{padding-top: 7% !important;padding-bottom: 18% !important;}&#8221; el_class=&#8221;padding-horizontal desktop-only&#8221;]<\/p>\n<h1><span style=\"color: #ffffff; font-size: 60px;\">Projects<\/span><\/h1>\n<p>[\/vc_column_text][vc_empty_space height=&#8221;50px&#8221; el_class=&#8221;phone-only&#8221;][\/vc_column][\/vc_row][vc_row _et_uniqid=&#8221;et_custom_uniqid_new_67598f528bfc8&#8243; el_class=&#8221;image-enlarge padding-horizontal desktop-only rounded-image&#8221;][vc_column css_animation=&#8221;none&#8221; width=&#8221;1\/3&#8243; _et_uniqid=&#8221;et_custom_uniqid_new_67370c8dbab93&#8243;][vc_single_image image=&#8221;1179&#8243; img_size=&#8221;large&#8221; alignment=&#8221;center&#8221; onclick=&#8221;custom_link&#8221; css=&#8221;&#8221; link=&#8221;https:\/\/ladanyi-kivitelezes.hu\/en\/projects\/richter-project\/&#8221;][\/vc_column][vc_column width=&#8221;1\/3&#8243;][vc_single_image image=&#8221;1180&#8243; img_size=&#8221;large&#8221; alignment=&#8221;center&#8221; onclick=&#8221;custom_link&#8221; css=&#8221;&#8221; link=&#8221;https:\/\/ladanyi-kivitelezes.hu\/en\/projects\/egis-projects\/&#8221;][\/vc_column][vc_column width=&#8221;1\/3&#8243;][vc_single_image image=&#8221;1181&#8243; img_size=&#8221;large&#8221; alignment=&#8221;center&#8221; onclick=&#8221;custom_link&#8221; css=&#8221;&#8221; link=&#8221;https:\/\/ladanyi-kivitelezes.hu\/en\/projects\/dreher-projects\/&#8221;][\/vc_column][\/vc_row][vc_row _et_uniqid=&#8221;et_custom_uniqid_new_67598f5de9b56&#8243; el_class=&#8221;image-enlarge padding-horizontal desktop-only rounded-image&#8221;][vc_column css_animation=&#8221;none&#8221; width=&#8221;1\/3&#8243; _et_uniqid=&#8221;et_custom_uniqid_new_67370c8dbab93&#8243;][\/vc_column][vc_column width=&#8221;1\/3&#8243;][vc_single_image image=&#8221;1182&#8243; img_size=&#8221;large&#8221; alignment=&#8221;center&#8221; onclick=&#8221;custom_link&#8221; css=&#8221;&#8221; link=&#8221;https:\/\/ladanyi-kivitelezes.hu\/en\/projects\/sanofi-project\/&#8221;][\/vc_column][vc_column width=&#8221;1\/3&#8243;][\/vc_column][\/vc_row][vc_row _et_uniqid=&#8221;et_custom_uniqid_new_67b273575aab9&#8243; el_class=&#8221;image-enlarge padding-horizontal phone-only row-two-by-two2 rounded-image&#8221; css=&#8221;.vc_custom_1739748187328{margin-bottom: -5px !important;}&#8221;][vc_column css_animation=&#8221;none&#8221; width=&#8221;1\/2&#8243; _et_uniqid=&#8221;et_custom_uniqid_new_674d938b415bc&#8221; el_class=&#8221;column-two-by-two&#8221;][vc_single_image image=&#8221;1179&#8243; img_size=&#8221;large&#8221; alignment=&#8221;center&#8221; onclick=&#8221;custom_link&#8221; css=&#8221;&#8221; link=&#8221;https:\/\/ladanyi-kivitelezes.hu\/en\/projects\/richter-project\/&#8221;][\/vc_column][vc_column width=&#8221;1\/2&#8243; el_class=&#8221;column-two-by-two&#8221; _et_uniqid=&#8221;et_custom_uniqid_new_674d9385c22e2&#8243;][vc_single_image image=&#8221;1180&#8243; img_size=&#8221;large&#8221; alignment=&#8221;center&#8221; onclick=&#8221;custom_link&#8221; css=&#8221;&#8221; link=&#8221;https:\/\/ladanyi-kivitelezes.hu\/en\/projects\/egis-projects\/&#8221;][\/vc_column][\/vc_row][vc_row _et_uniqid=&#8221;et_custom_uniqid_new_67b273240ad2c&#8221; el_class=&#8221;image-enlarge padding-horizontal phone-only row-two-by-two2 rounded-image&#8221; css=&#8221;.vc_custom_1739748135425{margin-bottom: -20px !important;}&#8221;][vc_column css_animation=&#8221;none&#8221; width=&#8221;1\/2&#8243; _et_uniqid=&#8221;et_custom_uniqid_new_674d939365dfa&#8221; el_class=&#8221;column-two-by-two&#8221;][vc_single_image image=&#8221;1181&#8243; img_size=&#8221;large&#8221; alignment=&#8221;center&#8221; onclick=&#8221;custom_link&#8221; css=&#8221;&#8221; link=&#8221;https:\/\/ladanyi-kivitelezes.hu\/en\/projects\/dreher-projects\/&#8221;][\/vc_column][vc_column width=&#8221;1\/2&#8243; el_class=&#8221;column-two-by-two&#8221; _et_uniqid=&#8221;et_custom_uniqid_new_674d938f413c3&#8243;][vc_single_image image=&#8221;1182&#8243; img_size=&#8221;large&#8221; alignment=&#8221;center&#8221; onclick=&#8221;custom_link&#8221; css=&#8221;&#8221; link=&#8221;https:\/\/ladanyi-kivitelezes.hu\/en\/projects\/sanofi-project\/&#8221;][\/vc_column][\/vc_row]<\/p>\n<\/div>","protected":false},"excerpt":{"rendered":"<p>[vc_row full_width=&#8221;stretch_row&#8221; parallax=&#8221;content-moving&#8221; parallax_image=&#8221;657&#8243; parallax_speed_bg=&#8221;1.8&#8243; disable_element=&#8221;yes&#8221; _et_uniqid=&#8221;et_custom_uniqid_new_675b5bcf0a2c1&#8243;][vc_column][vc_column_text css=&#8221;.vc_custom_1733136432137{padding-top: 7% !important;padding-bottom: 18% !important;}&#8221; el_class=&#8221;padding-horizontal desktop-only&#8221;] Projects [\/vc_column_text][vc_column_text css=&#8221;.vc_custom_1733136441874{padding-top: 7% !important;padding-bottom: 18% !important;}&#8221; el_class=&#8221;padding-horizontal phone-only&#8221;] Projects [\/vc_column_text][\/vc_column][\/vc_row][vc_row&#8230;<\/p>\n","protected":false},"author":3,"featured_media":2635,"parent":0,"menu_order":0,"comment_status":"closed","ping_status":"closed","template":"","meta":{"footnotes":""},"class_list":["post-2640","page","type-page","status-publish","has-post-thumbnail","hentry"],"yoast_head":"<!-- This site is optimized with the Yoast SEO plugin v24.1 - https:\/\/yoast.com\/wordpress\/plugins\/seo\/ -->\n<title>Projects - Ladanyi 95 Kft.<\/title>\n<meta name=\"robots\" content=\"index, follow, max-snippet:-1, max-image-preview:large, max-video-preview:-1\" \/>\n<link rel=\"canonical\" href=\"https:\/\/ladanyi-kivitelezes.hu\/en\/projects\/\" \/>\n<meta property=\"og:locale\" content=\"en_US\" \/>\n<meta property=\"og:type\" content=\"article\" \/>\n<meta property=\"og:title\" content=\"Projects - Lad\u00e1nyi &amp; Company Ltd.\" \/>\n<meta property=\"og:description\" content=\"[vc_row full_width=&#8221;stretch_row&#8221; parallax=&#8221;content-moving&#8221; parallax_image=&#8221;657&#8243; parallax_speed_bg=&#8221;1.8&#8243; disable_element=&#8221;yes&#8221; _et_uniqid=&#8221;et_custom_uniqid_new_675b5bcf0a2c1&#8243;][vc_column][vc_column_text css=&#8221;.vc_custom_1733136432137{padding-top: 7% !important;padding-bottom: 18% !important;}&#8221; el_class=&#8221;padding-horizontal desktop-only&#8221;] Projects [\/vc_column_text][vc_column_text css=&#8221;.vc_custom_1733136441874{padding-top: 7% !important;padding-bottom: 18% !important;}&#8221; el_class=&#8221;padding-horizontal phone-only&#8221;] Projects [\/vc_column_text][\/vc_column][\/vc_row][vc_row...\" \/>\n<meta property=\"og:url\" content=\"https:\/\/ladanyi-kivitelezes.hu\/en\/projects\/\" \/>\n<meta property=\"og:site_name\" content=\"Ladanyi 95 Kft.\" \/>\n<meta property=\"article:modified_time\" content=\"2025-04-04T09:27:04+00:00\" \/>\n<meta property=\"og:image\" content=\"http:\/\/ladanyi-kivitelezes.hu\/wp-content\/uploads\/2024\/12\/ladanyi-kep-1024x682.jpg\" \/>\n<meta name=\"twitter:card\" content=\"summary_large_image\" \/>\n<meta name=\"twitter:label1\" content=\"Est. reading time\" \/>\n\t<meta name=\"twitter:data1\" content=\"3 minutes\" \/>\n<script type=\"application\/ld+json\" class=\"yoast-schema-graph\">{\"@context\":\"https:\/\/schema.org\",\"@graph\":[{\"@type\":\"WebPage\",\"@id\":\"https:\/\/ladanyi-kivitelezes.hu\/en\/projects\/\",\"url\":\"https:\/\/ladanyi-kivitelezes.hu\/en\/projects\/\",\"name\":\"Projects - Ladanyi 95 Kft.\",\"isPartOf\":{\"@id\":\"https:\/\/ladanyi-kivitelezes.hu\/en\/#website\"},\"primaryImageOfPage\":{\"@id\":\"https:\/\/ladanyi-kivitelezes.hu\/en\/projects\/#primaryimage\"},\"image\":{\"@id\":\"https:\/\/ladanyi-kivitelezes.hu\/en\/projects\/#primaryimage\"},\"thumbnailUrl\":\"https:\/\/ladanyi-kivitelezes.hu\/wp-content\/uploads\/2024\/12\/ladanyi-kep.jpg\",\"datePublished\":\"2024-11-07T15:50:31+00:00\",\"dateModified\":\"2025-04-04T09:27:04+00:00\",\"breadcrumb\":{\"@id\":\"https:\/\/ladanyi-kivitelezes.hu\/en\/projects\/#breadcrumb\"},\"inLanguage\":\"en-US\",\"potentialAction\":[{\"@type\":\"ReadAction\",\"target\":[\"https:\/\/ladanyi-kivitelezes.hu\/en\/projects\/\"]}]},{\"@type\":\"ImageObject\",\"inLanguage\":\"en-US\",\"@id\":\"https:\/\/ladanyi-kivitelezes.hu\/en\/projects\/#primaryimage\",\"url\":\"https:\/\/ladanyi-kivitelezes.hu\/wp-content\/uploads\/2024\/12\/ladanyi-kep.jpg\",\"contentUrl\":\"https:\/\/ladanyi-kivitelezes.hu\/wp-content\/uploads\/2024\/12\/ladanyi-kep.jpg\",\"width\":2500,\"height\":1666},{\"@type\":\"BreadcrumbList\",\"@id\":\"https:\/\/ladanyi-kivitelezes.hu\/en\/projects\/#breadcrumb\",\"itemListElement\":[{\"@type\":\"ListItem\",\"position\":1,\"name\":\"Home\",\"item\":\"https:\/\/ladanyi-kivitelezes.hu\/en\/\"},{\"@type\":\"ListItem\",\"position\":2,\"name\":\"Projects\"}]},{\"@type\":\"WebSite\",\"@id\":\"https:\/\/ladanyi-kivitelezes.hu\/en\/#website\",\"url\":\"https:\/\/ladanyi-kivitelezes.hu\/en\/\",\"name\":\"Ladanyi 95 Kft.\",\"description\":\"\u00c9p\u00edt\u0151ipari projektek tervez\u00e9se \u00e9s kivitelez\u00e9se\",\"potentialAction\":[{\"@type\":\"SearchAction\",\"target\":{\"@type\":\"EntryPoint\",\"urlTemplate\":\"https:\/\/ladanyi-kivitelezes.hu\/en\/?s={search_term_string}\"},\"query-input\":{\"@type\":\"PropertyValueSpecification\",\"valueRequired\":true,\"valueName\":\"search_term_string\"}}],\"inLanguage\":\"en-US\"}]}<\/script>\n<!-- \/ Yoast SEO plugin. -->","yoast_head_json":{"title":"Projects - Ladanyi 95 Kft.","robots":{"index":"index","follow":"follow","max-snippet":"max-snippet:-1","max-image-preview":"max-image-preview:large","max-video-preview":"max-video-preview:-1"},"canonical":"https:\/\/ladanyi-kivitelezes.hu\/en\/projects\/","og_locale":"en_US","og_type":"article","og_title":"Projects - Lad\u00e1nyi & Company Ltd.","og_description":"[vc_row full_width=&#8221;stretch_row&#8221; parallax=&#8221;content-moving&#8221; parallax_image=&#8221;657&#8243; parallax_speed_bg=&#8221;1.8&#8243; disable_element=&#8221;yes&#8221; _et_uniqid=&#8221;et_custom_uniqid_new_675b5bcf0a2c1&#8243;][vc_column][vc_column_text css=&#8221;.vc_custom_1733136432137{padding-top: 7% !important;padding-bottom: 18% !important;}&#8221; el_class=&#8221;padding-horizontal desktop-only&#8221;] Projects [\/vc_column_text][vc_column_text css=&#8221;.vc_custom_1733136441874{padding-top: 7% !important;padding-bottom: 18% !important;}&#8221; el_class=&#8221;padding-horizontal phone-only&#8221;] Projects [\/vc_column_text][\/vc_column][\/vc_row][vc_row...","og_url":"https:\/\/ladanyi-kivitelezes.hu\/en\/projects\/","og_site_name":"Ladanyi 95 Kft.","article_modified_time":"2025-04-04T09:27:04+00:00","og_image":[{"url":"http:\/\/ladanyi-kivitelezes.hu\/wp-content\/uploads\/2024\/12\/ladanyi-kep-1024x682.jpg","type":"","width":"","height":""}],"twitter_card":"summary_large_image","twitter_misc":{"Est. reading time":"3 minutes"},"schema":{"@context":"https:\/\/schema.org","@graph":[{"@type":"WebPage","@id":"https:\/\/ladanyi-kivitelezes.hu\/en\/projects\/","url":"https:\/\/ladanyi-kivitelezes.hu\/en\/projects\/","name":"Projects - Ladanyi 95 Kft.","isPartOf":{"@id":"https:\/\/ladanyi-kivitelezes.hu\/en\/#website"},"primaryImageOfPage":{"@id":"https:\/\/ladanyi-kivitelezes.hu\/en\/projects\/#primaryimage"},"image":{"@id":"https:\/\/ladanyi-kivitelezes.hu\/en\/projects\/#primaryimage"},"thumbnailUrl":"https:\/\/ladanyi-kivitelezes.hu\/wp-content\/uploads\/2024\/12\/ladanyi-kep.jpg","datePublished":"2024-11-07T15:50:31+00:00","dateModified":"2025-04-04T09:27:04+00:00","breadcrumb":{"@id":"https:\/\/ladanyi-kivitelezes.hu\/en\/projects\/#breadcrumb"},"inLanguage":"en-US","potentialAction":[{"@type":"ReadAction","target":["https:\/\/ladanyi-kivitelezes.hu\/en\/projects\/"]}]},{"@type":"ImageObject","inLanguage":"en-US","@id":"https:\/\/ladanyi-kivitelezes.hu\/en\/projects\/#primaryimage","url":"https:\/\/ladanyi-kivitelezes.hu\/wp-content\/uploads\/2024\/12\/ladanyi-kep.jpg","contentUrl":"https:\/\/ladanyi-kivitelezes.hu\/wp-content\/uploads\/2024\/12\/ladanyi-kep.jpg","width":2500,"height":1666},{"@type":"BreadcrumbList","@id":"https:\/\/ladanyi-kivitelezes.hu\/en\/projects\/#breadcrumb","itemListElement":[{"@type":"ListItem","position":1,"name":"Home","item":"https:\/\/ladanyi-kivitelezes.hu\/en\/"},{"@type":"ListItem","position":2,"name":"Projects"}]},{"@type":"WebSite","@id":"https:\/\/ladanyi-kivitelezes.hu\/en\/#website","url":"https:\/\/ladanyi-kivitelezes.hu\/en\/","name":"Ladanyi 95 Kft.","description":"\u00c9p\u00edt\u0151ipari projektek tervez\u00e9se \u00e9s kivitelez\u00e9se","potentialAction":[{"@type":"SearchAction","target":{"@type":"EntryPoint","urlTemplate":"https:\/\/ladanyi-kivitelezes.hu\/en\/?s={search_term_string}"},"query-input":{"@type":"PropertyValueSpecification","valueRequired":true,"valueName":"search_term_string"}}],"inLanguage":"en-US"}]}},"_links":{"self":[{"href":"https:\/\/ladanyi-kivitelezes.hu\/en\/wp-json\/wp\/v2\/pages\/2640","targetHints":{"allow":["GET"]}}],"collection":[{"href":"https:\/\/ladanyi-kivitelezes.hu\/en\/wp-json\/wp\/v2\/pages"}],"about":[{"href":"https:\/\/ladanyi-kivitelezes.hu\/en\/wp-json\/wp\/v2\/types\/page"}],"author":[{"embeddable":true,"href":"https:\/\/ladanyi-kivitelezes.hu\/en\/wp-json\/wp\/v2\/users\/3"}],"replies":[{"embeddable":true,"href":"https:\/\/ladanyi-kivitelezes.hu\/en\/wp-json\/wp\/v2\/comments?post=2640"}],"version-history":[{"count":4,"href":"https:\/\/ladanyi-kivitelezes.hu\/en\/wp-json\/wp\/v2\/pages\/2640\/revisions"}],"predecessor-version":[{"id":2825,"href":"https:\/\/ladanyi-kivitelezes.hu\/en\/wp-json\/wp\/v2\/pages\/2640\/revisions\/2825"}],"wp:featuredmedia":[{"embeddable":true,"href":"https:\/\/ladanyi-kivitelezes.hu\/en\/wp-json\/wp\/v2\/media\/2635"}],"wp:attachment":[{"href":"https:\/\/ladanyi-kivitelezes.hu\/en\/wp-json\/wp\/v2\/media?parent=2640"}],"curies":[{"name":"wp","href":"https:\/\/api.w.org\/{rel}","templated":true}]}}