{"id":2638,"date":"2024-11-04T20:15:50","date_gmt":"2024-11-04T20:15:50","guid":{"rendered":"https:\/\/ladanyi-kivitelezes.hu\/home-page\/"},"modified":"2025-04-01T07:01:36","modified_gmt":"2025-04-01T07:01:36","slug":"home-page","status":"publish","type":"page","link":"https:\/\/ladanyi-kivitelezes.hu\/en\/","title":{"rendered":"Home page"},"content":{"rendered":"<div class=\"wpb-content-wrapper\"><p>[vc_row full_width=&#8221;stretch_row_content_no_spaces&#8221; content_placement=&#8221;middle&#8221; _et_uniqid=&#8221;et_custom_uniqid_new_673ba1bc42ece&#8221;][vc_column]\n\t\t\t\t<p class=\"rs-p-wp-fix\"><\/p>\n\t\t\t\t<sr7-module data-alias=\"kezdolap-slider-responsive-11\" data-id=\"8\" id=\"SR7_8_1\" class=\"rs-ov-hidden\" data-version=\"6.7.21\">\n\t\t\t\t\t<sr7-adjuster><\/sr7-adjuster>\n\t\t\t\t\t<sr7-content>\n\t\t\t\t\t\t<sr7-slide id=\"SR7_8_1-18\" data-key=\"18\">\n\t\t\t\t\t\t\t<sr7-txt id=\"SR7_8_1-18-1\" class=\"sr7-layer\">Construction is the art of space<\/sr7-txt>\n\t\t\t\t\t\t\t<sr7-txt id=\"SR7_8_1-18-4\" class=\"sr7-layer\">Welcome to our website!<\/sr7-txt>\n\t\t\t\t\t\t\t<sr7-txt id=\"SR7_8_1-18-5\" class=\"sr7-layer\">Construction is the art of space<\/sr7-txt>\n\t\t\t\t\t\t\t<sr7-txt id=\"SR7_8_1-18-6\" class=\"sr7-layer\">Construction Award of Excellence 2024<\/sr7-txt>\n\t\t\t\t\t\t\t<sr7-txt id=\"SR7_8_1-18-8\" class=\"sr7-layer\">Welcome to our website!<\/sr7-txt>\n\t\t\t\t\t\t<\/sr7-slide>\n\t\t\t\t\t\t<sr7-slide id=\"SR7_8_1-19\" data-key=\"19\">\n\t\t\t\t\t\t<\/sr7-slide>\n\t\t\t\t\t<\/sr7-content>\n\t\t\t\t\t<image_lists style=\"display:none\">\n\t\t\t\t\t\t<img data-src=\"\/\/ladanyi-kivitelezes.hu\/wp-content\/uploads\/2024\/12\/ladanyi-slider-kepek-01.jpg\" data-libid=\"1400\" data-lib=\"medialibrary\" title=\"ladanyi-slider-k\u00e9pek-01\" width=\"0\" height=\"0\" data-dbsrc=\"Ly9sYWRhbnlpLWtpdml0ZWxlemVzLmh1L3dwLWNvbnRlbnQvdXBsb2Fkcy8yMDI0LzEyL2xhZGFueWktc2xpZGVyLWtlcGVrLTAxLmpwZw==\"\/>\n\t\t\t\t\t\t<img data-src=\"\/\/ladanyi-kivitelezes.hu\/wp-content\/uploads\/2024\/12\/ladanyi-slider-kepek-02.jpg\" data-libid=\"1401\" data-lib=\"medialibrary\" title=\"ladanyi-slider-k\u00e9pek-02\" width=\"0\" height=\"0\" data-dbsrc=\"Ly9sYWRhbnlpLWtpdml0ZWxlemVzLmh1L3dwLWNvbnRlbnQvdXBsb2Fkcy8yMDI0LzEyL2xhZGFueWktc2xpZGVyLWtlcGVrLTAyLmpwZw==\"\/>\n\t\t\t\t\t\t<img data-src=\"\/\/ladanyi-kivitelezes.hu\/wp-content\/uploads\/2024\/12\/ladanyi-slider-kepek-03.jpg\" data-libid=\"1402\" data-lib=\"medialibrary\" title=\"ladanyi-slider-k\u00e9pek-03\" width=\"0\" height=\"0\" data-dbsrc=\"Ly9sYWRhbnlpLWtpdml0ZWxlemVzLmh1L3dwLWNvbnRlbnQvdXBsb2Fkcy8yMDI0LzEyL2xhZGFueWktc2xpZGVyLWtlcGVrLTAzLmpwZw==\"\/>\n\t\t\t\t\t\t<img data-src=\"\/\/ladanyi-kivitelezes.hu\/wp-content\/uploads\/2024\/11\/nivodij-ikon.png\" data-libid=\"596\" data-lib=\"medialibrary\" title=\"nivodij-ikon\" width=\"0\" height=\"0\" data-dbsrc=\"Ly9sYWRhbnlpLWtpdml0ZWxlemVzLmh1L3dwLWNvbnRlbnQvdXBsb2Fkcy8yMDI0LzExL25pdm9kaWotaWtvbi5wbmc=\"\/>\n\t\t\t\t\t\t<img data-src=\"\/\/ladanyi-kivitelezes.hu\/wp-content\/uploads\/2024\/12\/ladanyi-slider-kepek-04.jpg\" data-libid=\"1403\" data-lib=\"medialibrary\" title=\"ladanyi-slider-k\u00e9pek-04\" width=\"0\" height=\"0\" data-dbsrc=\"Ly9sYWRhbnlpLWtpdml0ZWxlemVzLmh1L3dwLWNvbnRlbnQvdXBsb2Fkcy8yMDI0LzEyL2xhZGFueWktc2xpZGVyLWtlcGVrLTA0LmpwZw==\"\/>\n\t\t\t\t\t<\/image_lists>\n\t\t\t\t<\/sr7-module>\n\t\t\t\t<script>\n\t\t\t\t\tSR7.PMH ??={}; SR7.PMH[\"SR7_8_1\"] = {cn:0,state:false,fn: function() { if (_tpt!==undefined && _tpt.prepareModuleHeight !== undefined) {  _tpt.prepareModuleHeight({id:\"SR7_8_1\",el:[600,600,600,600,250],type:'standard',shdw:'0',gh:[600,600,600,600,250],gw:[1240,1240,1240,1240,480],vpt:['-100px&#039;,&#039;-100px&#039;,&#039;-100px&#039;,&#039;-100px&#039;,&#039;-100px'],size:{fullWidth:true, fullHeight:false},mh:'0',onh:0,onw:0,bg:{color:'{\"orig\":\"transparent\",\"type\":\"solid\",\"string\":\"transparent\"}'}});   SR7.PMH[\"SR7_8_1\"].state=true;} else if((SR7.PMH[\"SR7_8_1\"].cn++)<100)\tsetTimeout( SR7.PMH[\"SR7_8_1\"].fn,19);}};SR7.PMH[\"SR7_8_1\" ].fn();\n\t\t\t\t<\/script>\n[\/vc_column][\/vc_row][vc_row full_width=&#8221;stretch_row&#8221; full_height=&#8221;yes&#8221; content_placement=&#8221;middle&#8221; parallax=&#8221;content-moving&#8221; parallax_image=&#8221;127&#8243; parallax_speed_bg=&#8221;1.2&#8243; disable_element=&#8221;yes&#8221; _et_uniqid=&#8221;et_custom_uniqid_new_673ba1078020d&#8221;][vc_column][vc_column_text css=&#8221;&#8221;]<\/p>\n<p class=\"white-text\" style=\"text-align: left; font-size: 50px;\"><strong>Welcome to our website! <\/strong><\/p>\n<p class=\"white-text\" style=\"text-align: left; font-size: 30px;\">Construction is the art of space<\/p>\n<p>[\/vc_column_text][\/vc_column][\/vc_row][vc_row full_width=&#8221;stretch_row&#8221; css=&#8221;.vc_custom_1733076063098{background-color: #E6E6E6 !important;}&#8221; _et_uniqid=&#8221;et_custom_uniqid_new_674ca44c97b8c&#8221; el_class=&#8221;padding-horizontal&#8221;][vc_column][vc_column_text css=&#8221;&#8221; el_class=&#8221;desktop-only&#8221;]<\/p>\n<p style=\"text-align: left; font-size: 56px;\"><span style=\"color: #212d56; font-weight: 800 !important;\">Who we are<\/span><\/p>\n<p style=\"text-align: left; font-size: 36px;\"><span style=\"color: #212d56;\">We serve as general contractors for industrial construction projects.<\/span><\/p>\n<p>[\/vc_column_text][vc_column_text css=&#8221;&#8221; el_class=&#8221;phone-only&#8221;]<\/p>\n<p style=\"font-size: 30px; text-align: left;\"><span style=\"color: #212d56;\"><strong>Meet the Ladanyi!<\/strong><\/span><\/p>\n<p style=\"font-size: 20px; text-align: left;\"><span style=\"color: #212d56;\">We serve as general contractors for industrial construction projects.<\/span><\/p>\n<p>[\/vc_column_text][\/vc_column][\/vc_row][vc_row full_width=&#8221;stretch_row&#8221; css_animation=&#8221;none&#8221; css=&#8221;.vc_custom_1733319602935{padding-bottom: 20px !important;background-color: #E6E6E6 !important;}&#8221; _et_uniqid=&#8221;et_custom_uniqid_new_67505baf61cc7&#8243; el_class=&#8221;padding-horizontal desktop-only&#8221;][vc_column css_animation=&#8221;none&#8221; width=&#8221;1\/4&#8243; _et_uniqid=&#8221;et_custom_uniqid_new_67505b9d60eaa&#8221;][vc_column_text css=&#8221;&#8221;]<\/p>\n<p style=\"font-size: 36px; text-align: center;\"><span style=\"color: #212d56;\"><strong>30 years of<\/strong><\/span><\/p>\n<p>[\/vc_column_text][vc_column_text css=&#8221;.vc_custom_1740758176279{margin-top: -60px !important;}&#8221;]<\/p>\n<p style=\"font-size: 44px; text-align: center;\"><span style=\"color: #212d56; font-size: 24px;\">expertise<\/span><\/p>\n<p>[\/vc_column_text][vc_raw_html css=&#8221;.vc_custom_1740757863052{margin-top: -20px !important;padding-top: 0px !important;padding-right: 20% !important;padding-left: 20% !important;}&#8221; el_class=&#8221;desktop-only&#8221;]JTNDaW1nJTIwc3JjJTNEJTIyJTJGd3AtY29udGVudCUyRnVwbG9hZHMlMkYyMDI0JTJGMTIlMkZsYWRhbnlpLWlrb25vay0wMy5zdmclMjIlMjB3aWR0aCUzRCUyMjEwMCUyNSUyMiUzRQ==[\/vc_raw_html][\/vc_column][vc_column width=&#8221;1\/4&#8243;][vc_column_text css=&#8221;&#8221;]<\/p>\n<p style=\"font-size: 36px; text-align: center;\"><span style=\"color: #212d56;\"><strong>ISO 9001<\/strong><\/span><\/p>\n<p>[\/vc_column_text][vc_column_text css=&#8221;.vc_custom_1740758168558{margin-top: -60px !important;}&#8221;]<\/p>\n<p style=\"font-size: 44px; text-align: center;\"><span style=\"color: #212d56; font-size: 24px;\">Certification<\/span><\/p>\n<p>[\/vc_column_text][vc_raw_html css=&#8221;.vc_custom_1740757890386{margin-top: -20px !important;padding-top: 0px !important;padding-right: 20% !important;padding-left: 20% !important;}&#8221; el_class=&#8221;desktop-only&#8221;]JTNDaW1nJTIwc3JjJTNEJTIyJTJGd3AtY29udGVudCUyRnVwbG9hZHMlMkYyMDI0JTJGMTIlMkZsYWRhbnlpLWlrb25vay0wMi5zdmclMjIlMjB3aWR0aCUzRCUyMjEwMCUyNSUyMiUzRQ==[\/vc_raw_html][\/vc_column][vc_column width=&#8221;1\/4&#8243;][vc_column_text css=&#8221;&#8221;]<\/p>\n<p style=\"font-size: 36px; text-align: center;\"><span style=\"color: #212d56;\"><strong>100+ per year<\/strong><\/span><\/p>\n<p>[\/vc_column_text][vc_column_text css=&#8221;.vc_custom_1740758161324{margin-top: -60px !important;}&#8221;]<\/p>\n<p style=\"font-size: 44px; text-align: center;\"><span style=\"color: #212d56; font-size: 24px;\">projects<\/span><\/p>\n<p>[\/vc_column_text][vc_raw_html css=&#8221;.vc_custom_1740757901493{margin-top: -20px !important;padding-top: 0px !important;padding-right: 20% !important;padding-left: 20% !important;}&#8221; el_class=&#8221;desktop-only&#8221;]JTNDaW1nJTIwc3JjJTNEJTIyJTJGd3AtY29udGVudCUyRnVwbG9hZHMlMkYyMDI0JTJGMTIlMkZsYWRhbnlpLWlrb25vay0wNC5zdmclMjIlMjB3aWR0aCUzRCUyMjEwMCUyNSUyMiUzRQ==[\/vc_raw_html][\/vc_column][vc_column width=&#8221;1\/4&#8243;][vc_column_text css=&#8221;&#8221;]<\/p>\n<p style=\"font-size: 36px; line-height: 38px; text-align: center;\"><span style=\"color: #212d56;\"><strong>150-200 workers<\/strong><\/span><\/p>\n<p>[\/vc_column_text][vc_column_text css=&#8221;.vc_custom_1740758154309{margin-top: -60px !important;}&#8221;]<\/p>\n<p style=\"font-size: 44px; text-align: center;\"><span style=\"color: #212d56; font-size: 24px; line-height: 30px;\">own + subcontractors<\/span><\/p>\n<p>[\/vc_column_text][vc_raw_html css=&#8221;.vc_custom_1733923464900{margin-top: -20px !important;padding-top: 0px !important;padding-right: 20% !important;padding-left: 20% !important;}&#8221; el_class=&#8221;desktop-only&#8221;]JTNDaW1nJTIwc3JjJTNEJTIyJTJGd3AtY29udGVudCUyRnVwbG9hZHMlMkYyMDI0JTJGMTIlMkZsYWRhbnlpLWlrb25vay0wMS5zdmclMjIlMjB3aWR0aCUzRCUyMjEwMCUyNSUyMiUzRSUzQyUyRiUzRQ==[\/vc_raw_html][\/vc_column][\/vc_row][vc_row full_width=&#8221;stretch_row&#8221; content_placement=&#8221;top&#8221; css_animation=&#8221;none&#8221; css=&#8221;.vc_custom_1733319610468{margin-top: -40px !important;padding-bottom: 20px !important;background-color: #E6E6E6 !important;}&#8221; _et_uniqid=&#8221;et_custom_uniqid_new_67505bb48b5a7&#8243; el_class=&#8221;padding-horizontal phone-only&#8221;][vc_column css_animation=&#8221;none&#8221; width=&#8221;1\/4&#8243; _et_uniqid=&#8221;et_custom_uniqid_new_67505bc6988f4&#8243; el_class=&#8221;column-two-by-two&#8221; css=&#8221;.vc_custom_1733319625916{margin-top: -10px !important;}&#8221;][vc_column_text css=&#8221;&#8221; el_class=&#8221;phone-only&#8221;]<\/p>\n<p style=\"font-size: 28px; text-align: center;\"><span style=\"color: #212d56;\"><strong>30 years<\/strong><\/span><\/p>\n<p>[\/vc_column_text][vc_column_text css=&#8221;.vc_custom_1733316414083{margin-top: -45px !important;}&#8221; el_class=&#8221;phone-only&#8221;]<\/p>\n<p style=\"text-align: center;\"><span style=\"color: #212d56; font-size: 20px;\">expertise<\/span><\/p>\n<p>[\/vc_column_text][vc_raw_html css=&#8221;.vc_custom_1740757913751{margin-top: -20px !important;padding-top: 0px !important;padding-right: 27% !important;padding-left: 27% !important;}&#8221; el_class=&#8221;phone-only&#8221;]JTNDaW1nJTIwc3JjJTNEJTIyJTJGd3AtY29udGVudCUyRnVwbG9hZHMlMkYyMDI0JTJGMTIlMkZsYWRhbnlpLWlrb25vay0wMy5zdmclMjIlMjB3aWR0aCUzRCUyMjEwMCUyNSUyMiUzRQ==[\/vc_raw_html][\/vc_column][vc_column width=&#8221;1\/4&#8243; el_class=&#8221;column-two-by-two&#8221; _et_uniqid=&#8221;et_custom_uniqid_new_6750510022c8a&#8221; css=&#8221;.vc_custom_1733316869653{margin-top: -30px !important;}&#8221;][vc_column_text css=&#8221;&#8221; el_class=&#8221;phone-only&#8221;]<\/p>\n<p style=\"font-size: 28px; text-align: center;\"><span style=\"color: #212d56;\"><strong>ISO 9001<\/strong><\/span><\/p>\n<p>[\/vc_column_text][vc_column_text css=&#8221;.vc_custom_1733316425858{margin-top: -45px !important;}&#8221; el_class=&#8221;phone-only&#8221;]<\/p>\n<p style=\"text-align: center;\"><span style=\"color: #212d56; font-size: 20px;\">Certification<\/span><\/p>\n<p>[\/vc_column_text][vc_raw_html css=&#8221;.vc_custom_1740757920167{margin-top: -20px !important;padding-top: 0px !important;padding-right: 27% !important;padding-left: 27% !important;}&#8221; el_class=&#8221;phone-only&#8221;]JTNDaW1nJTIwc3JjJTNEJTIyJTJGd3AtY29udGVudCUyRnVwbG9hZHMlMkYyMDI0JTJGMTIlMkZsYWRhbnlpLWlrb25vay0wMi5zdmclMjIlMjB3aWR0aCUzRCUyMjEwMCUyNSUyMiUzRQ==[\/vc_raw_html][\/vc_column][vc_column width=&#8221;1\/4&#8243; el_class=&#8221;column-two-by-two&#8221; _et_uniqid=&#8221;et_custom_uniqid_new_6750510774a7d&#8221; css=&#8221;.vc_custom_1733316873661{margin-top: -30px !important;}&#8221;][vc_column_text css=&#8221;&#8221; el_class=&#8221;phone-only&#8221;]<\/p>\n<p style=\"font-size: 28px; text-align: center;\"><span style=\"color: #212d56;\"><strong>100+ per year<\/strong><\/span><\/p>\n<p>[\/vc_column_text][vc_column_text css=&#8221;.vc_custom_1733316436458{margin-top: -45px !important;}&#8221; el_class=&#8221;phone-only&#8221;]<\/p>\n<p style=\"text-align: center;\"><span style=\"color: #212d56; font-size: 20px;\">projects<\/span><\/p>\n<p>[\/vc_column_text][vc_raw_html css=&#8221;.vc_custom_1740757927532{margin-top: -20px !important;padding-top: 0px !important;padding-right: 27% !important;padding-left: 27% !important;}&#8221; el_class=&#8221;phone-only&#8221;]JTNDaW1nJTIwc3JjJTNEJTIyJTJGd3AtY29udGVudCUyRnVwbG9hZHMlMkYyMDI0JTJGMTIlMkZsYWRhbnlpLWlrb25vay0wNC5zdmclMjIlMjB3aWR0aCUzRCUyMjEwMCUyNSUyMiUzRQ==[\/vc_raw_html][\/vc_column][vc_column width=&#8221;1\/4&#8243; el_class=&#8221;column-two-by-two&#8221; _et_uniqid=&#8221;et_custom_uniqid_new_6750510b6ddc8&#8243; css=&#8221;.vc_custom_1733316878249{margin-top: -30px !important;}&#8221;][vc_column_text css=&#8221;&#8221; el_class=&#8221;phone-only&#8221;]<\/p>\n<p style=\"font-size: 28px; text-align: center;\"><span style=\"color: #212d56;\"><strong>150-200 workers<\/strong><\/span><\/p>\n<p>[\/vc_column_text][vc_column_text css=&#8221;.vc_custom_1733316759809{margin-top: -45px !important;}&#8221; el_class=&#8221;phone-only&#8221;]<\/p>\n<p style=\"text-align: center;\"><span style=\"color: #212d56; font-size: 20px;\">own + subcontractors<\/span><\/p>\n<p>[\/vc_column_text][vc_raw_html css=&#8221;.vc_custom_1733928239022{margin-top: -20px !important;padding-top: 0px !important;padding-right: 27% !important;padding-left: 27% !important;}&#8221; el_class=&#8221;phone-only&#8221;]JTNDaW1nJTIwc3JjJTNEJTIyJTJGd3AtY29udGVudCUyRnVwbG9hZHMlMkYyMDI0JTJGMTIlMkZsYWRhbnlpLWlrb25vay0wMS5zdmclMjIlMjB3aWR0aCUzRCUyMjEwMCUyNSUyMiUzRSUzQyUyRiUzRQ==[\/vc_raw_html][\/vc_column][\/vc_row][vc_row full_width=&#8221;stretch_row&#8221; css=&#8221;.vc_custom_1733076663073{background-color: #E6E6E600 !important;}&#8221; _et_uniqid=&#8221;et_custom_uniqid_new_674ca6b522439&#8243; el_class=&#8221;padding-horizontal&#8221;][vc_column][vc_column_text css=&#8221;.vc_custom_1733077768429{padding-top: 20px !important;}&#8221; el_class=&#8221;desktop-only&#8221;]<\/p>\n<p style=\"text-align: left; font-size: 30px;\"><span style=\"color: #212d56;\">Lad\u00e1nyi &amp; Co. was established in 1995 to carry out new construction, maintenance, and renovation projects. Since then, we have been delivering architectural engineering, above- and underground construction, building services engineering (water, gas, and HVAC), and electrical projects. <\/span><\/p>\n<p>[\/vc_column_text][vc_column_text css=&#8221;&#8221; el_class=&#8221;phone-only&#8221;]<\/p>\n<p style=\"font-size: 20px; text-align: left;\"><span style=\"color: #212d56;\">Lad\u00e1nyi &amp; Co. was established in 1995 to carry out new construction, maintenance, and renovation projects. Since then, we have been delivering architectural engineering, above- and underground construction, building services engineering (water, gas, and HVAC), and electrical projects. <\/span><\/p>\n<p>[\/vc_column_text][vc_btn title=&#8221;About us&#8221; style=&#8221;custom&#8221; custom_text=&#8221;#212D56&#8243; shape=&#8221;round&#8221; size=&#8221;lg&#8221; align=&#8221;left&#8221; css=&#8221;&#8221; link=&#8221;url:https%3A%2F%2Fladanyi-kivitelezes.hu%2Fen%2Fabout-us%2F|title:R%C3%B3lunk&#8221; el_class=&#8221;button-grey desktop-only&#8221;][vc_btn title=&#8221;About us&#8221; shape=&#8221;round&#8221; size=&#8221;sm&#8221; align=&#8221;center&#8221; css=&#8221;&#8221; link=&#8221;url:https%3A%2F%2Fladanyi-kivitelezes.hu%2Frolunk%2F|title:R%C3%B3lunk&#8221; el_class=&#8221;button-grey phone-only&#8221;][\/vc_column][\/vc_row][vc_row el_class=&#8221;padding-horizontal&#8221; _et_uniqid=&#8221;et_custom_uniqid_new_6750566d3d535&#8243; css=&#8221;.vc_custom_1733318258784{margin-top: -20px !important;}&#8221;][vc_column][vc_column_text css=&#8221;&#8221; el_class=&#8221;desktop-only&#8221;]<\/p>\n<p style=\"font-size: 42px; text-align: center;\"><span style=\"color: #212d56;\"><strong>What we work on<\/strong><\/span><\/p>\n<p>[\/vc_column_text][vc_column_text css=&#8221;&#8221; el_class=&#8221;phone-only&#8221;]<\/p>\n<p style=\"font-size: 26px; text-align: center;\"><span style=\"color: #212d56;\"><strong>What we work on<\/strong><\/span><\/p>\n<p>[\/vc_column_text][vc_row_inner el_class=&#8221;image-enlarge row-two-by-two2 rounded-image&#8221; _et_uniqid=&#8221;et_custom_uniqid_new_6764327cdaba8&#8243; css=&#8221;.vc_custom_1734619775315{margin-top: -15px !important;}&#8221;][vc_column_inner width=&#8221;1\/12&#8243;][\/vc_column_inner][vc_column_inner el_class=&#8221;column-two-by-two&#8221; width=&#8221;5\/12&#8243; _et_uniqid=&#8221;et_custom_uniqid_new_67448d89620a3&#8243;][vc_single_image image=&#8221;2720&#8243; img_size=&#8221;full&#8221; alignment=&#8221;center&#8221; onclick=&#8221;custom_link&#8221; css=&#8221;&#8221; link=&#8221;https:\/\/ladanyi-kivitelezes.hu\/en\/projects\/&#8221;][\/vc_column_inner][vc_column_inner el_class=&#8221;column-two-by-two&#8221; width=&#8221;5\/12&#8243; _et_uniqid=&#8221;et_custom_uniqid_new_67448d7bd00fc&#8221;][vc_single_image image=&#8221;2722&#8243; img_size=&#8221;full&#8221; alignment=&#8221;center&#8221; onclick=&#8221;custom_link&#8221; css=&#8221;&#8221; link=&#8221;https:\/\/ladanyi-kivitelezes.hu\/en\/highlights\/&#8221;][\/vc_column_inner][vc_column_inner width=&#8221;1\/12&#8243;][\/vc_column_inner][\/vc_row_inner][\/vc_column][\/vc_row][vc_row][vc_column][\/vc_column][\/vc_row]<\/p>\n<\/div>","protected":false},"excerpt":{"rendered":"<p>[vc_row full_width=&#8221;stretch_row_content_no_spaces&#8221; content_placement=&#8221;middle&#8221; _et_uniqid=&#8221;et_custom_uniqid_new_673ba1bc42ece&#8221;][vc_column][\/vc_column][\/vc_row][vc_row full_width=&#8221;stretch_row&#8221; full_height=&#8221;yes&#8221; content_placement=&#8221;middle&#8221; parallax=&#8221;content-moving&#8221; parallax_image=&#8221;127&#8243; parallax_speed_bg=&#8221;1.2&#8243; disable_element=&#8221;yes&#8221; _et_uniqid=&#8221;et_custom_uniqid_new_673ba1078020d&#8221;][vc_column][vc_column_text css=&#8221;&#8221;] Welcome to our website! Construction is the art of space [\/vc_column_text][\/vc_column][\/vc_row][vc_row full_width=&#8221;stretch_row&#8221;&#8230;<\/p>\n","protected":false},"author":1,"featured_media":2635,"parent":0,"menu_order":0,"comment_status":"closed","ping_status":"closed","template":"","meta":{"footnotes":""},"class_list":["post-2638","page","type-page","status-publish","has-post-thumbnail","hentry"],"yoast_head":"<!-- This site is optimized with the Yoast SEO plugin v24.1 - https:\/\/yoast.com\/wordpress\/plugins\/seo\/ -->\n<title>Home page - Ladanyi 95 Kft.<\/title>\n<meta name=\"robots\" content=\"index, follow, max-snippet:-1, max-image-preview:large, max-video-preview:-1\" \/>\n<link rel=\"canonical\" href=\"https:\/\/ladanyi-kivitelezes.hu\/en\/\" \/>\n<meta property=\"og:locale\" content=\"en_US\" \/>\n<meta property=\"og:type\" content=\"article\" \/>\n<meta property=\"og:title\" content=\"Home - Lad\u00e1nyi &amp; Partners Ltd.\" \/>\n<meta property=\"og:description\" content=\"[vc_row full_width=&#8221;stretch_row_content_no_spaces&#8221; content_placement=&#8221;middle&#8221; _et_uniqid=&#8221;et_custom_uniqid_new_673ba1bc42ece&#8221;][vc_column][\/vc_column][\/vc_row][vc_row full_width=&#8221;stretch_row&#8221; full_height=&#8221;yes&#8221; content_placement=&#8221;middle&#8221; parallax=&#8221;content-moving&#8221; parallax_image=&#8221;127&#8243; parallax_speed_bg=&#8221;1.2&#8243; disable_element=&#8221;yes&#8221; _et_uniqid=&#8221;et_custom_uniqid_new_673ba1078020d&#8221;][vc_column][vc_column_text css=&#8221;&#8221;] Welcome to our website! Construction is the art of space [\/vc_column_text][\/vc_column][\/vc_row][vc_row full_width=&#8221;stretch_row&#8221;...\" \/>\n<meta property=\"og:url\" content=\"https:\/\/ladanyi-kivitelezes.hu\/en\/\" \/>\n<meta property=\"og:site_name\" content=\"Ladanyi 95 Kft.\" \/>\n<meta property=\"article:modified_time\" content=\"2025-04-01T07:01:36+00:00\" \/>\n<meta property=\"og:image\" content=\"http:\/\/ladanyi-kivitelezes.hu\/wp-content\/uploads\/2024\/12\/ladanyi-kep-1024x682.jpg\" \/>\n<meta name=\"twitter:card\" content=\"summary_large_image\" \/>\n<meta name=\"twitter:label1\" content=\"Est. reading time\" \/>\n\t<meta name=\"twitter:data1\" content=\"4 minutes\" \/>\n<script type=\"application\/ld+json\" class=\"yoast-schema-graph\">{\"@context\":\"https:\/\/schema.org\",\"@graph\":[{\"@type\":\"WebPage\",\"@id\":\"https:\/\/ladanyi-kivitelezes.hu\/en\/\",\"url\":\"https:\/\/ladanyi-kivitelezes.hu\/en\/\",\"name\":\"Home page - Ladanyi 95 Kft.\",\"isPartOf\":{\"@id\":\"https:\/\/ladanyi-kivitelezes.hu\/en\/#website\"},\"primaryImageOfPage\":{\"@id\":\"https:\/\/ladanyi-kivitelezes.hu\/en\/#primaryimage\"},\"image\":{\"@id\":\"https:\/\/ladanyi-kivitelezes.hu\/en\/#primaryimage\"},\"thumbnailUrl\":\"https:\/\/ladanyi-kivitelezes.hu\/wp-content\/uploads\/2024\/12\/ladanyi-kep.jpg\",\"datePublished\":\"2024-11-04T20:15:50+00:00\",\"dateModified\":\"2025-04-01T07:01:36+00:00\",\"breadcrumb\":{\"@id\":\"https:\/\/ladanyi-kivitelezes.hu\/en\/#breadcrumb\"},\"inLanguage\":\"en-US\",\"potentialAction\":[{\"@type\":\"ReadAction\",\"target\":[\"https:\/\/ladanyi-kivitelezes.hu\/en\/\"]}]},{\"@type\":\"ImageObject\",\"inLanguage\":\"en-US\",\"@id\":\"https:\/\/ladanyi-kivitelezes.hu\/en\/#primaryimage\",\"url\":\"https:\/\/ladanyi-kivitelezes.hu\/wp-content\/uploads\/2024\/12\/ladanyi-kep.jpg\",\"contentUrl\":\"https:\/\/ladanyi-kivitelezes.hu\/wp-content\/uploads\/2024\/12\/ladanyi-kep.jpg\",\"width\":2500,\"height\":1666},{\"@type\":\"BreadcrumbList\",\"@id\":\"https:\/\/ladanyi-kivitelezes.hu\/en\/#breadcrumb\",\"itemListElement\":[{\"@type\":\"ListItem\",\"position\":1,\"name\":\"Home\",\"item\":\"https:\/\/ladanyi-kivitelezes.hu\/en\/\"},{\"@type\":\"ListItem\",\"position\":2,\"name\":\"Home page\"}]},{\"@type\":\"WebSite\",\"@id\":\"https:\/\/ladanyi-kivitelezes.hu\/en\/#website\",\"url\":\"https:\/\/ladanyi-kivitelezes.hu\/en\/\",\"name\":\"Ladanyi 95 Kft.\",\"description\":\"\u00c9p\u00edt\u0151ipari projektek tervez\u00e9se \u00e9s kivitelez\u00e9se\",\"potentialAction\":[{\"@type\":\"SearchAction\",\"target\":{\"@type\":\"EntryPoint\",\"urlTemplate\":\"https:\/\/ladanyi-kivitelezes.hu\/en\/?s={search_term_string}\"},\"query-input\":{\"@type\":\"PropertyValueSpecification\",\"valueRequired\":true,\"valueName\":\"search_term_string\"}}],\"inLanguage\":\"en-US\"}]}<\/script>\n<!-- \/ Yoast SEO plugin. -->","yoast_head_json":{"title":"Home page - Ladanyi 95 Kft.","robots":{"index":"index","follow":"follow","max-snippet":"max-snippet:-1","max-image-preview":"max-image-preview:large","max-video-preview":"max-video-preview:-1"},"canonical":"https:\/\/ladanyi-kivitelezes.hu\/en\/","og_locale":"en_US","og_type":"article","og_title":"Home - Lad\u00e1nyi & Partners Ltd.","og_description":"[vc_row full_width=&#8221;stretch_row_content_no_spaces&#8221; content_placement=&#8221;middle&#8221; _et_uniqid=&#8221;et_custom_uniqid_new_673ba1bc42ece&#8221;][vc_column][\/vc_column][\/vc_row][vc_row full_width=&#8221;stretch_row&#8221; full_height=&#8221;yes&#8221; content_placement=&#8221;middle&#8221; parallax=&#8221;content-moving&#8221; parallax_image=&#8221;127&#8243; parallax_speed_bg=&#8221;1.2&#8243; disable_element=&#8221;yes&#8221; _et_uniqid=&#8221;et_custom_uniqid_new_673ba1078020d&#8221;][vc_column][vc_column_text css=&#8221;&#8221;] Welcome to our website! Construction is the art of space [\/vc_column_text][\/vc_column][\/vc_row][vc_row full_width=&#8221;stretch_row&#8221;...","og_url":"https:\/\/ladanyi-kivitelezes.hu\/en\/","og_site_name":"Ladanyi 95 Kft.","article_modified_time":"2025-04-01T07:01:36+00:00","og_image":[{"url":"http:\/\/ladanyi-kivitelezes.hu\/wp-content\/uploads\/2024\/12\/ladanyi-kep-1024x682.jpg","type":"","width":"","height":""}],"twitter_card":"summary_large_image","twitter_misc":{"Est. reading time":"4 minutes"},"schema":{"@context":"https:\/\/schema.org","@graph":[{"@type":"WebPage","@id":"https:\/\/ladanyi-kivitelezes.hu\/en\/","url":"https:\/\/ladanyi-kivitelezes.hu\/en\/","name":"Home page - Ladanyi 95 Kft.","isPartOf":{"@id":"https:\/\/ladanyi-kivitelezes.hu\/en\/#website"},"primaryImageOfPage":{"@id":"https:\/\/ladanyi-kivitelezes.hu\/en\/#primaryimage"},"image":{"@id":"https:\/\/ladanyi-kivitelezes.hu\/en\/#primaryimage"},"thumbnailUrl":"https:\/\/ladanyi-kivitelezes.hu\/wp-content\/uploads\/2024\/12\/ladanyi-kep.jpg","datePublished":"2024-11-04T20:15:50+00:00","dateModified":"2025-04-01T07:01:36+00:00","breadcrumb":{"@id":"https:\/\/ladanyi-kivitelezes.hu\/en\/#breadcrumb"},"inLanguage":"en-US","potentialAction":[{"@type":"ReadAction","target":["https:\/\/ladanyi-kivitelezes.hu\/en\/"]}]},{"@type":"ImageObject","inLanguage":"en-US","@id":"https:\/\/ladanyi-kivitelezes.hu\/en\/#primaryimage","url":"https:\/\/ladanyi-kivitelezes.hu\/wp-content\/uploads\/2024\/12\/ladanyi-kep.jpg","contentUrl":"https:\/\/ladanyi-kivitelezes.hu\/wp-content\/uploads\/2024\/12\/ladanyi-kep.jpg","width":2500,"height":1666},{"@type":"BreadcrumbList","@id":"https:\/\/ladanyi-kivitelezes.hu\/en\/#breadcrumb","itemListElement":[{"@type":"ListItem","position":1,"name":"Home","item":"https:\/\/ladanyi-kivitelezes.hu\/en\/"},{"@type":"ListItem","position":2,"name":"Home page"}]},{"@type":"WebSite","@id":"https:\/\/ladanyi-kivitelezes.hu\/en\/#website","url":"https:\/\/ladanyi-kivitelezes.hu\/en\/","name":"Ladanyi 95 Kft.","description":"\u00c9p\u00edt\u0151ipari projektek tervez\u00e9se \u00e9s kivitelez\u00e9se","potentialAction":[{"@type":"SearchAction","target":{"@type":"EntryPoint","urlTemplate":"https:\/\/ladanyi-kivitelezes.hu\/en\/?s={search_term_string}"},"query-input":{"@type":"PropertyValueSpecification","valueRequired":true,"valueName":"search_term_string"}}],"inLanguage":"en-US"}]}},"_links":{"self":[{"href":"https:\/\/ladanyi-kivitelezes.hu\/en\/wp-json\/wp\/v2\/pages\/2638","targetHints":{"allow":["GET"]}}],"collection":[{"href":"https:\/\/ladanyi-kivitelezes.hu\/en\/wp-json\/wp\/v2\/pages"}],"about":[{"href":"https:\/\/ladanyi-kivitelezes.hu\/en\/wp-json\/wp\/v2\/types\/page"}],"author":[{"embeddable":true,"href":"https:\/\/ladanyi-kivitelezes.hu\/en\/wp-json\/wp\/v2\/users\/1"}],"replies":[{"embeddable":true,"href":"https:\/\/ladanyi-kivitelezes.hu\/en\/wp-json\/wp\/v2\/comments?post=2638"}],"version-history":[{"count":8,"href":"https:\/\/ladanyi-kivitelezes.hu\/en\/wp-json\/wp\/v2\/pages\/2638\/revisions"}],"predecessor-version":[{"id":2802,"href":"https:\/\/ladanyi-kivitelezes.hu\/en\/wp-json\/wp\/v2\/pages\/2638\/revisions\/2802"}],"wp:featuredmedia":[{"embeddable":true,"href":"https:\/\/ladanyi-kivitelezes.hu\/en\/wp-json\/wp\/v2\/media\/2635"}],"wp:attachment":[{"href":"https:\/\/ladanyi-kivitelezes.hu\/en\/wp-json\/wp\/v2\/media?parent=2638"}],"curies":[{"name":"wp","href":"https:\/\/api.w.org\/{rel}","templated":true}]}}